{"id":162,"date":"2026-01-06T13:14:48","date_gmt":"2026-01-06T13:14:48","guid":{"rendered":"https:\/\/iarina016.supserv.cozmoslabs.com\/?page_id=162"},"modified":"2026-03-30T10:23:36","modified_gmt":"2026-03-30T10:23:36","slug":"bernese-mountain-dogs","status":"publish","type":"page","link":"https:\/\/iarina016.supserv.cozmoslabs.com\/ca\/bernese-mountain-dogs\/","title":{"rendered":"Gossos de muntanya bernesos"},"content":{"rendered":"<div data-elementor-type=\"wp-page\" data-elementor-id=\"162\" class=\"elementor elementor-162\" data-elementor-post-type=\"page\">\n\t\t\t\t<div class=\"elementor-element elementor-element-fc2b75e e-flex e-con-boxed e-con e-parent\" data-id=\"fc2b75e\" data-element_type=\"container\" data-e-type=\"container\">\n\t\t\t\t\t<div class=\"e-con-inner\">\n\t\t\t\t<div class=\"elementor-element elementor-element-831b17b elementor-widget elementor-widget-shortcode\" data-id=\"831b17b\" data-element_type=\"widget\" data-e-type=\"widget\" data-widget_type=\"shortcode.default\">\n\t\t\t\t\t\t\t<div class=\"elementor-shortcode\"><div class=\"trp-shortcode-switcher__wrapper\"\r\n     style=\"--bg:#b16fe873;--bg-hover:#ffffff4d;--text:#ffffff;--text-hover:#ffffff;--border:1px solid #ffffff00;--border-width:1px;--border-color:#ffffff00;--border-radius:10px;--flag-radius:2px;--flag-size:18px;--aspect-ratio:4\/3;--font-size:14px;--transition-duration:0.2s\"\r\n     role=\"group\"\r\n     data-open-mode=\"hover\">\r\n\r\n    \r\n        <!-- ANCHOR (in-flow only; sizing\/borders; inert) -->\r\n        <div class=\"trp-language-switcher trp-ls-dropdown trp-shortcode-switcher trp-shortcode-anchor trp-open-on-hover\"\r\n             aria-hidden=\"true\"\r\n             inert\r\n data-no-translation>\r\n                <div class=\"trp-current-language-item__wrapper\">\r\n        <a class=\"trp-language-item trp-language-item__default trp-language-item__current\" data-no-translation href=\"https:\/\/iarina016.supserv.cozmoslabs.com\/ca\/wp-json\/wp\/v2\/pages\/162\" title=\"CA\"><img decoding=\"async\" src=\"https:\/\/iarina016.supserv.cozmoslabs.com\/wp-content\/plugins\/translatepress-multilingual\/assets\/flags\/4x3\/ca.svg\" class=\"trp-flag-image\" alt=\"\" role=\"presentation\" loading=\"lazy\" \/><span class=\"trp-language-item-name\">CA<\/span><\/a>                    <svg class=\"trp-shortcode-arrow\" width=\"20\" height=\"20\" viewbox=\"0 0 20 21\" fill=\"none\" aria-hidden=\"true\" focusable=\"false\" xmlns=\"http:\/\/www.w3.org\/2000\/svg\">\r\n                <path d=\"M5 8L10 13L15 8\" stroke=\"var(--text)\" stroke-width=\"2\" stroke-linecap=\"round\" stroke-linejoin=\"round\"\/>\r\n            <\/svg>\r\n            <\/div>\r\n            <\/div>\r\n\r\n        <!-- OVERLAY (positioned; interactive surface) -->\r\n        <div class=\"trp-language-switcher trp-ls-dropdown trp-shortcode-switcher trp-shortcode-overlay trp-open-on-hover\"\r\n             role=\"navigation\"\r\n             aria-label=\"Selector d&#039;idioma del lloc web\"\r\n             data-no-translation\r\n>\r\n                <div class=\"trp-current-language-item__wrapper\">\r\n        <div class=\"trp-language-item trp-language-item__default trp-language-item__current\" data-no-translation role=\"button\" aria-expanded=\"false\" tabindex=\"0\" aria-label=\"Change language\" aria-controls=\"trp-shortcode-dropdown-69f010c95f42d\"><img decoding=\"async\" src=\"https:\/\/iarina016.supserv.cozmoslabs.com\/wp-content\/plugins\/translatepress-multilingual\/assets\/flags\/4x3\/ca.svg\" class=\"trp-flag-image\" alt=\"\" role=\"presentation\" loading=\"lazy\" \/><span class=\"trp-language-item-name\">CA<\/span><\/div>                    <svg class=\"trp-shortcode-arrow\" width=\"20\" height=\"20\" viewbox=\"0 0 20 21\" fill=\"none\" aria-hidden=\"true\" focusable=\"false\" xmlns=\"http:\/\/www.w3.org\/2000\/svg\">\r\n                <path d=\"M5 8L10 13L15 8\" stroke=\"var(--text)\" stroke-width=\"2\" stroke-linecap=\"round\" stroke-linejoin=\"round\"\/>\r\n            <\/svg>\r\n            <\/div>\r\n    \r\n            <div class=\"trp-switcher-dropdown-list\"\r\n                 id=\"trp-shortcode-dropdown-69f010c95f42d\"\r\n                 role=\"group\"\r\n                 aria-label=\"Idiomes disponibles\"\r\n                 hidden\r\n inert\r\n>\r\n                                                            <a class=\"trp-language-item\" href=\"https:\/\/iarina016.supserv.cozmoslabs.com\/ca\/wp-json\/wp\/v2\/pages\/162\" title=\"EN\">\r\n                            <img decoding=\"async\" src=\"https:\/\/iarina016.supserv.cozmoslabs.com\/wp-content\/plugins\/translatepress-multilingual\/assets\/flags\/4x3\/en_US.svg\" class=\"trp-flag-image\" alt=\"\" role=\"presentation\" loading=\"lazy\" \/>                                                            <span class=\"trp-language-item-name\" data-no-translation>EN<\/span>\r\n                                                                                <\/a>\r\n                                            <a class=\"trp-language-item\" href=\"https:\/\/iarina016.supserv.cozmoslabs.com\/ca\/wp-json\/wp\/v2\/pages\/162\" title=\"ES\">\r\n                            <img decoding=\"async\" src=\"https:\/\/iarina016.supserv.cozmoslabs.com\/wp-content\/plugins\/translatepress-multilingual\/assets\/flags\/4x3\/es_ES.svg\" class=\"trp-flag-image\" alt=\"\" role=\"presentation\" loading=\"lazy\" \/>                                                            <span class=\"trp-language-item-name\" data-no-translation>ES<\/span>\r\n                                                                                <\/a>\r\n                                            <a class=\"trp-language-item\" href=\"https:\/\/iarina016.supserv.cozmoslabs.com\/ca\/wp-json\/wp\/v2\/pages\/162\" title=\"RA\">\r\n                            <img decoding=\"async\" src=\"https:\/\/iarina016.supserv.cozmoslabs.com\/wp-content\/plugins\/translatepress-multilingual\/assets\/flags\/4x3\/ar.svg\" class=\"trp-flag-image\" alt=\"\" role=\"presentation\" loading=\"lazy\" \/>                                                            <span class=\"trp-language-item-name\" data-no-translation>AR<\/span>\r\n                                                                                <\/a>\r\n                                            <a class=\"trp-language-item\" href=\"https:\/\/iarina016.supserv.cozmoslabs.com\/ca\/wp-json\/wp\/v2\/pages\/162\" title=\"ZH\">\r\n                            <img decoding=\"async\" src=\"https:\/\/iarina016.supserv.cozmoslabs.com\/wp-content\/plugins\/translatepress-multilingual\/assets\/flags\/4x3\/zh_CN.svg\" class=\"trp-flag-image\" alt=\"\" role=\"presentation\" loading=\"lazy\" \/>                                                            <span class=\"trp-language-item-name\" data-no-translation>ZH<\/span>\r\n                                                                                <\/a>\r\n                                            <a class=\"trp-language-item\" href=\"https:\/\/iarina016.supserv.cozmoslabs.com\/ca\/wp-json\/wp\/v2\/pages\/162\" title=\"JA\">\r\n                            <img decoding=\"async\" src=\"https:\/\/iarina016.supserv.cozmoslabs.com\/wp-content\/plugins\/translatepress-multilingual\/assets\/flags\/4x3\/ja.svg\" class=\"trp-flag-image\" alt=\"\" role=\"presentation\" loading=\"lazy\" \/>                                                            <span class=\"trp-language-item-name\" data-no-translation>JA<\/span>\r\n                                                                                <\/a>\r\n                                            <a class=\"trp-language-item\" href=\"https:\/\/iarina016.supserv.cozmoslabs.com\/ca\/wp-json\/wp\/v2\/pages\/162\" title=\"DE\">\r\n                            <img decoding=\"async\" src=\"https:\/\/iarina016.supserv.cozmoslabs.com\/wp-content\/plugins\/translatepress-multilingual\/assets\/flags\/4x3\/de_DE.svg\" class=\"trp-flag-image\" alt=\"\" role=\"presentation\" loading=\"lazy\" \/>                                                            <span class=\"trp-language-item-name\" data-no-translation>DE<\/span>\r\n                                                                                <\/a>\r\n                                            <a class=\"trp-language-item\" href=\"https:\/\/iarina016.supserv.cozmoslabs.com\/ca\/wp-json\/wp\/v2\/pages\/162\" title=\"NL\">\r\n                            <img decoding=\"async\" src=\"https:\/\/iarina016.supserv.cozmoslabs.com\/wp-content\/plugins\/translatepress-multilingual\/assets\/flags\/4x3\/nl_NL.svg\" class=\"trp-flag-image\" alt=\"\" role=\"presentation\" loading=\"lazy\" \/>                                                            <span class=\"trp-language-item-name\" data-no-translation>NL<\/span>\r\n                                                                                <\/a>\r\n                                            <a class=\"trp-language-item\" href=\"https:\/\/iarina016.supserv.cozmoslabs.com\/ca\/wp-json\/wp\/v2\/pages\/162\" title=\"FR_FR\">\r\n                            <img decoding=\"async\" src=\"https:\/\/iarina016.supserv.cozmoslabs.com\/wp-content\/plugins\/translatepress-multilingual\/assets\/flags\/4x3\/fr_FR.svg\" class=\"trp-flag-image\" alt=\"\" role=\"presentation\" loading=\"lazy\" \/>                                                            <span class=\"trp-language-item-name\" data-no-translation>FR_FR<\/span>\r\n                                                                                <\/a>\r\n                                            <a class=\"trp-language-item\" href=\"https:\/\/iarina016.supserv.cozmoslabs.com\/ca\/wp-json\/wp\/v2\/pages\/162\" title=\"RO\">\r\n                            <img decoding=\"async\" src=\"https:\/\/iarina016.supserv.cozmoslabs.com\/wp-content\/plugins\/translatepress-multilingual\/assets\/flags\/4x3\/ro_RO.svg\" class=\"trp-flag-image\" alt=\"\" role=\"presentation\" loading=\"lazy\" \/>                                                            <span class=\"trp-language-item-name\" data-no-translation>RO<\/span>\r\n                                                                                <\/a>\r\n                                                <\/div>\r\n        <\/div>\r\n\r\n    <\/div>\r\n<style id=\"trp-language-switcher-shortcode-custom-css\">@media screen and (max-width: 767px) {\n.trp-language-switcher, .trp-language-switcher .trp-shortcode-switcher_wrapper, .trp-language-switcher .trp-current-language-item_wrapper, .trp-language-switcher .trp-language-item { background-color: rgb(0, 0, 0) !important; }\n.trp-language-switcher, .trp-language-switcher .trp-current-language-item_wrapper, .trp-language-switcher .trp-language-item, .trp-language-switcher .trp-language-item a { color: rgb(255, 255, 255) !important; }\n.trp-language-switcher .trp-switcher-dropdown-list, .trp-language-switcher .trp-ls-dropdown { background-color: rgb(0, 0, 0) !important; }\n.trp-language-switcher, .trp-language-switcher .trp-current-language-item_wrapper, .trp-language-switcher .trp-language-item { border: none !important; }\n}<\/style><\/div>\n\t\t\t\t\t\t<\/div>\n\t\t\t\t\t<\/div>\n\t\t\t\t<\/div>\n\t\t<div class=\"elementor-element elementor-element-c05d7af e-grid e-con-boxed e-con e-parent\" data-id=\"c05d7af\" data-element_type=\"container\" data-e-type=\"container\">\n\t\t\t\t\t<div class=\"e-con-inner\">\n\t\t\t\t<div class=\"elementor-element elementor-element-6977aa7 elementor-widget elementor-widget-text-editor\" data-id=\"6977aa7\" data-element_type=\"widget\" data-e-type=\"widget\" data-widget_type=\"text-editor.default\">\n\t\t\t\t\t\t\t\t\t<p><strong>Gos de muntanya bern\u00e8s,<\/strong> o \u201cBerner\u201d, \u00e9s una gran ra\u00e7a de treball tricrom\u00e0tica origin\u00e0ria dels Alps su\u00efssos. Coneguts per la seva aparen\u00e7a impactant \u2014 un pelatge gruixut, sed\u00f3s i moderadament llarg en negre, rovell i blanc \u2014 s\u00f3n tan bells com de bon car\u00e0cter. Hist\u00f2ricament, aquests gossos vers\u00e0tils s'utilitzaven per a <strong>pasturar bestiar, estirar carros i servir de guardians de la granja a la regi\u00f3 de Berna, a Su\u00efssa<\/strong>, d'on prov\u00e9 el seu nom. La seva constituci\u00f3 robusta i la seva intel\u00b7lig\u00e8ncia els van convertir en companys indispensables dels pagesos durant segles.<\/p>\t\t\t\t\t\t\t\t<\/div>\n\t\t\t\t<div class=\"elementor-element elementor-element-1201925 elementor-widget elementor-widget-text-editor\" data-id=\"1201925\" data-element_type=\"widget\" data-e-type=\"widget\" data-widget_type=\"text-editor.default\">\n\t\t\t\t\t\t\t\t\t<p>Avui dia, per\u00f2, el Berner ha fet una transici\u00f3 perfecta des de les pastures escarpades dels Alps fins al cor de la llar familiar moderna. Malgrat la seva imponent mida, sovint se&#039;ls descriu com a &quot;gegants gentils&quot; a causa de la seva naturalesa tranquil\u00b7la i afectuosa i la seva particular paci\u00e8ncia amb els nens. Prosperen amb la companyia humana i tendeixen a formar vincles profunds i lleials amb els seus propietaris, sovint recolzant-se a les seves potes per mostrar afecte. Tot i que encara gaudeixen d&#039;una passejada r\u00e0pida a l&#039;aire fresc o d&#039;un joc juganer a la neu, la seva major alegria \u00e9s simplement ser inclosos en la vida quotidiana de la seva &quot;manada&quot;, convertint-los en un dels companys m\u00e9s estimats i devots del m\u00f3n can\u00ed.<\/p>\t\t\t\t\t\t\t\t<\/div>\n\t\t\t\t\t<\/div>\n\t\t\t\t<\/div>\n\t\t<div class=\"elementor-element elementor-element-8d6d543 e-flex e-con-boxed e-con e-parent\" data-id=\"8d6d543\" data-element_type=\"container\" data-e-type=\"container\">\n\t\t\t\t\t<div class=\"e-con-inner\">\n\t\t\t\t<div class=\"elementor-element elementor-element-9443f3b elementor-widget elementor-widget-text-editor\" data-id=\"9443f3b\" data-element_type=\"widget\" data-e-type=\"widget\" data-widget_type=\"text-editor.default\">\n\t\t\t\t\t\t\t\t\t<p>Com garanteixen els candidats avaluadors l&#039;objectivitat del joc PassCode\u2122?<\/p><p>El nostre joc automatitzat PassCode\u2122 simplifica el vostre proc\u00e9s de contractaci\u00f3<\/p><ul><li>Estalvieu temps afegint el joc PassCode\u2122 i convidant milers de candidats en q\u00fcesti\u00f3 de minuts.<\/li><\/ul><p>Quant costa l&#039;avaluaci\u00f3 basada en jocs Assess Candidates PassCode\u2122?<\/p><p>El nostre joc PassCode\u2122 no requereix cap experi\u00e8ncia pr\u00e8via en jocs i inclou instruccions i objectius clars per als candidats.\u00a0<a href=\"https:\/\/fvcsnyl2us-staging.wpdns.site\/product\/passcode-pre-employment-hiring-game-assessment#overview\">el joc \u00e9s una tasca interactiva i atractiva<\/a>\u00a0dissenyat per reduir l&#039;estr\u00e8s, l&#039;ansietat i l&#039;avorriment dels candidats durant el proc\u00e9s de selecci\u00f3. La principal dificultat per als candidats \u00e9s que les avaluacions basades en jocs poden ser un concepte nou i desconegut.<\/p><p>Qu\u00e8 mesura el joc Assess Candidates PassCode\u2122?<br \/><br \/>Per a campanyes amb m\u00e9s de 10.000 candidats, sol\u00b7liciteu un pressupost.<\/p>\t\t\t\t\t\t\t\t<\/div>\n\t\t\t\t\t<\/div>\n\t\t\t\t<\/div>\n\t\t<div class=\"elementor-element elementor-element-2726b19 e-grid e-con-boxed e-con e-parent\" data-id=\"2726b19\" data-element_type=\"container\" data-e-type=\"container\">\n\t\t\t\t\t<div class=\"e-con-inner\">\n\t\t\t\t<div class=\"elementor-element elementor-element-647e160 elementor-widget elementor-widget-button\" data-id=\"647e160\" data-element_type=\"widget\" data-e-type=\"widget\" data-widget_type=\"button.default\">\n\t\t\t\t\t\t\t\t\t\t<a class=\"elementor-button elementor-button-link elementor-size-sm\" href=\"https:\/\/paintnprogress.art\/ru\/%d0%be-%d0%bd%d0%b0%d1%81\/\">\n\t\t\t\t\t\t<span class=\"elementor-button-content-wrapper\">\n\t\t\t\t\t\t\t\t\t<span class=\"elementor-button-text\">Feu clic aqu\u00ed2<\/span>\n\t\t\t\t\t<\/span>\n\t\t\t\t\t<\/a>\n\t\t\t\t\t\t\t\t<\/div>\n\t\t\t\t<div class=\"elementor-element elementor-element-6953de2 elementor-widget elementor-widget-button\" data-id=\"6953de2\" data-element_type=\"widget\" data-e-type=\"widget\" data-widget_type=\"button.default\">\n\t\t\t\t\t\t\t\t\t\t<a class=\"elementor-button elementor-button-link elementor-size-sm\" href=\"https:\/\/my.pomtava.com\/moovapps\/navigation\/VDocWEBExplorer\/fileLink?f=m0IyLuwWSXekd%2FxcmjwcTajBNTggYW5tUwo5kttRtHb9%2B3W0L5Re3kBLkOiuU3AX\">\n\t\t\t\t\t\t<span class=\"elementor-button-content-wrapper\">\n\t\t\t\t\t\t\t\t\t<span class=\"elementor-button-text\">Feu clic aqu\u00ed<\/span>\n\t\t\t\t\t<\/span>\n\t\t\t\t\t<\/a>\n\t\t\t\t\t\t\t\t<\/div>\n\t\t\t\t\t<\/div>\n\t\t\t\t<\/div>\n\t\t<div class=\"elementor-element elementor-element-a8dd516 e-flex e-con-boxed e-con e-parent\" data-id=\"a8dd516\" data-element_type=\"container\" data-e-type=\"container\">\n\t\t\t\t\t<div class=\"e-con-inner\">\n\t\t\t\t<div class=\"elementor-element elementor-element-466fea9 elementor-widget elementor-widget-text-editor\" data-id=\"466fea9\" data-element_type=\"widget\" data-e-type=\"widget\" data-widget_type=\"text-editor.default\">\n\t\t\t\t\t\t\t\t\t<h2><strong>Alternatives a Buffer<\/strong><\/h2><p>Els usuaris poden buscar alternatives a Buffer a causa del seu model de preus, que augmenta r\u00e0pidament a mesura que s'afegeixen m\u00e9s comptes, cosa que pot resultar car per a les empreses que gestionen diversos perfils de xarxes socials. A m\u00e9s, alguns usuaris consideren que les funcions de Buffer s\u00f3n limitades, especialment en \u00e0mbits com l'anal\u00edtica completa i les eines avan\u00e7ades de col\u00b7laboraci\u00f3 en equip, que s\u00f3n crucials per a equips m\u00e9s grans o estrat\u00e8gies de xarxes socials m\u00e9s complexes.<\/p><p>Aix\u00ed que aqu\u00ed teniu alguns dels millors\u00a0<a title=\"Alternatives a Buffer\" href=\"https:\/\/www.socialpilot.co\/buffer-alternatives\" rel=\"dofollow\">Alternatives a Buffer<\/a>\u00a0Comparat costat a costat.<\/p>\t\t\t\t\t\t\t\t<\/div>\n\t\t\t\t\t<\/div>\n\t\t\t\t<\/div>\n\t\t<div class=\"elementor-element elementor-element-bb839bf e-flex e-con-boxed e-con e-parent\" data-id=\"bb839bf\" data-element_type=\"container\" data-e-type=\"container\">\n\t\t\t\t\t<div class=\"e-con-inner\">\n\t\t\t\t\t<\/div>\n\t\t\t\t<\/div>\n\t\t\t\t<\/div>","protected":false},"excerpt":{"rendered":"<p>The Bernese Mountain Dog, or &#8220;Berner,&#8221; is a large, tri-colored working breed originating from the Swiss Alps. Known for their striking appearance\u2014a thick, silky, and moderately long coat in black, rust, and white\u2014they are as beautiful as they are sweet-tempered. Historically, these versatile dogs were used to herd cattle, pull carts, and serve as farm [&hellip;]<\/p>\n","protected":false},"author":1,"featured_media":0,"parent":0,"menu_order":0,"comment_status":"closed","ping_status":"closed","template":"","meta":{"footnotes":""},"class_list":["post-162","page","type-page","status-publish","hentry"],"_links":{"self":[{"href":"https:\/\/iarina016.supserv.cozmoslabs.com\/ca\/wp-json\/wp\/v2\/pages\/162","targetHints":{"allow":["GET"]}}],"collection":[{"href":"https:\/\/iarina016.supserv.cozmoslabs.com\/ca\/wp-json\/wp\/v2\/pages"}],"about":[{"href":"https:\/\/iarina016.supserv.cozmoslabs.com\/ca\/wp-json\/wp\/v2\/types\/page"}],"author":[{"embeddable":true,"href":"https:\/\/iarina016.supserv.cozmoslabs.com\/ca\/wp-json\/wp\/v2\/users\/1"}],"replies":[{"embeddable":true,"href":"https:\/\/iarina016.supserv.cozmoslabs.com\/ca\/wp-json\/wp\/v2\/comments?post=162"}],"version-history":[{"count":40,"href":"https:\/\/iarina016.supserv.cozmoslabs.com\/ca\/wp-json\/wp\/v2\/pages\/162\/revisions"}],"predecessor-version":[{"id":338,"href":"https:\/\/iarina016.supserv.cozmoslabs.com\/ca\/wp-json\/wp\/v2\/pages\/162\/revisions\/338"}],"wp:attachment":[{"href":"https:\/\/iarina016.supserv.cozmoslabs.com\/ca\/wp-json\/wp\/v2\/media?parent=162"}],"curies":[{"name":"wp","href":"https:\/\/api.w.org\/{rel}","templated":true}]}}