{"id":162,"date":"2026-01-06T13:14:48","date_gmt":"2026-01-06T13:14:48","guid":{"rendered":"https:\/\/iarina016.supserv.cozmoslabs.com\/?page_id=162"},"modified":"2026-03-30T10:23:36","modified_gmt":"2026-03-30T10:23:36","slug":"bernische-sennenhunde","status":"publish","type":"page","link":"https:\/\/iarina016.supserv.cozmoslabs.com\/de\/bernese-mountain-dogs\/","title":{"rendered":"Berner Sennenhunde"},"content":{"rendered":"<div data-elementor-type=\"wp-page\" data-elementor-id=\"162\" class=\"elementor elementor-162\" data-elementor-post-type=\"page\">\n\t\t\t\t<div class=\"elementor-element elementor-element-fc2b75e e-flex e-con-boxed e-con e-parent\" data-id=\"fc2b75e\" data-element_type=\"container\" data-e-type=\"container\">\n\t\t\t\t\t<div class=\"e-con-inner\">\n\t\t\t\t<div class=\"elementor-element elementor-element-831b17b elementor-widget elementor-widget-shortcode\" data-id=\"831b17b\" data-element_type=\"widget\" data-e-type=\"widget\" data-widget_type=\"shortcode.default\">\n\t\t\t\t\t\t\t<div class=\"elementor-shortcode\"><div class=\"trp-shortcode-switcher__wrapper\"\r\n     style=\"--bg:#b16fe873;--bg-hover:#ffffff4d;--text:#ffffff;--text-hover:#ffffff;--border:1px solid #ffffff00;--border-width:1px;--border-color:#ffffff00;--border-radius:10px;--flag-radius:2px;--flag-size:18px;--aspect-ratio:4\/3;--font-size:14px;--transition-duration:0.2s\"\r\n     role=\"group\"\r\n     data-open-mode=\"hover\">\r\n\r\n    \r\n        <!-- ANCHOR (in-flow only; sizing\/borders; inert) -->\r\n        <div class=\"trp-language-switcher trp-ls-dropdown trp-shortcode-switcher trp-shortcode-anchor trp-open-on-hover\"\r\n             aria-hidden=\"true\"\r\n             inert\r\n data-no-translation>\r\n                <div class=\"trp-current-language-item__wrapper\">\r\n        <a class=\"trp-language-item trp-language-item__default trp-language-item__current\" data-no-translation href=\"https:\/\/iarina016.supserv.cozmoslabs.com\/de\/wp-json\/wp\/v2\/pages\/162\" title=\"DE\"><img decoding=\"async\" src=\"https:\/\/iarina016.supserv.cozmoslabs.com\/wp-content\/plugins\/translatepress-multilingual\/assets\/flags\/4x3\/de_DE.svg\" class=\"trp-flag-image\" alt=\"\" role=\"presentation\" loading=\"lazy\" \/><span class=\"trp-language-item-name\">DE<\/span><\/a>                    <svg class=\"trp-shortcode-arrow\" width=\"20\" height=\"20\" viewbox=\"0 0 20 21\" fill=\"none\" aria-hidden=\"true\" focusable=\"false\" xmlns=\"http:\/\/www.w3.org\/2000\/svg\">\r\n                <path d=\"M5 8L10 13L15 8\" stroke=\"var(--text)\" stroke-width=\"2\" stroke-linecap=\"round\" stroke-linejoin=\"round\"\/>\r\n            <\/svg>\r\n            <\/div>\r\n            <\/div>\r\n\r\n        <!-- OVERLAY (positioned; interactive surface) -->\r\n        <div class=\"trp-language-switcher trp-ls-dropdown trp-shortcode-switcher trp-shortcode-overlay trp-open-on-hover\"\r\n             role=\"navigation\"\r\n             aria-label=\"Website-Sprachauswahl\"\r\n             data-no-translation\r\n>\r\n                <div class=\"trp-current-language-item__wrapper\">\r\n        <div class=\"trp-language-item trp-language-item__default trp-language-item__current\" data-no-translation role=\"button\" aria-expanded=\"false\" tabindex=\"0\" aria-label=\"Change language\" aria-controls=\"trp-shortcode-dropdown-69f4da0e137fb\"><img decoding=\"async\" src=\"https:\/\/iarina016.supserv.cozmoslabs.com\/wp-content\/plugins\/translatepress-multilingual\/assets\/flags\/4x3\/de_DE.svg\" class=\"trp-flag-image\" alt=\"\" role=\"presentation\" loading=\"lazy\" \/><span class=\"trp-language-item-name\">DE<\/span><\/div>                    <svg class=\"trp-shortcode-arrow\" width=\"20\" height=\"20\" viewbox=\"0 0 20 21\" fill=\"none\" aria-hidden=\"true\" focusable=\"false\" xmlns=\"http:\/\/www.w3.org\/2000\/svg\">\r\n                <path d=\"M5 8L10 13L15 8\" stroke=\"var(--text)\" stroke-width=\"2\" stroke-linecap=\"round\" stroke-linejoin=\"round\"\/>\r\n            <\/svg>\r\n            <\/div>\r\n    \r\n            <div class=\"trp-switcher-dropdown-list\"\r\n                 id=\"trp-shortcode-dropdown-69f4da0e137fb\"\r\n                 role=\"group\"\r\n                 aria-label=\"Verf\u00fcgbare Sprachen\"\r\n                 hidden\r\n inert\r\n>\r\n                                                            <a class=\"trp-language-item\" href=\"https:\/\/iarina016.supserv.cozmoslabs.com\/de\/wp-json\/wp\/v2\/pages\/162\" title=\"DE\">\r\n                            <img decoding=\"async\" src=\"https:\/\/iarina016.supserv.cozmoslabs.com\/wp-content\/plugins\/translatepress-multilingual\/assets\/flags\/4x3\/en_US.svg\" class=\"trp-flag-image\" alt=\"\" role=\"presentation\" loading=\"lazy\" \/>                                                            <span class=\"trp-language-item-name\" data-no-translation>EN<\/span>\r\n                                                                                <\/a>\r\n                                            <a class=\"trp-language-item\" href=\"https:\/\/iarina016.supserv.cozmoslabs.com\/de\/wp-json\/wp\/v2\/pages\/162\" title=\"ES\">\r\n                            <img decoding=\"async\" src=\"https:\/\/iarina016.supserv.cozmoslabs.com\/wp-content\/plugins\/translatepress-multilingual\/assets\/flags\/4x3\/es_ES.svg\" class=\"trp-flag-image\" alt=\"\" role=\"presentation\" loading=\"lazy\" \/>                                                            <span class=\"trp-language-item-name\" data-no-translation>ES<\/span>\r\n                                                                                <\/a>\r\n                                            <a class=\"trp-language-item\" href=\"https:\/\/iarina016.supserv.cozmoslabs.com\/de\/wp-json\/wp\/v2\/pages\/162\" title=\"AR\">\r\n                            <img decoding=\"async\" src=\"https:\/\/iarina016.supserv.cozmoslabs.com\/wp-content\/plugins\/translatepress-multilingual\/assets\/flags\/4x3\/ar.svg\" class=\"trp-flag-image\" alt=\"\" role=\"presentation\" loading=\"lazy\" \/>                                                            <span class=\"trp-language-item-name\" data-no-translation>AR<\/span>\r\n                                                                                <\/a>\r\n                                            <a class=\"trp-language-item\" href=\"https:\/\/iarina016.supserv.cozmoslabs.com\/de\/wp-json\/wp\/v2\/pages\/162\" title=\"ZH\">\r\n                            <img decoding=\"async\" src=\"https:\/\/iarina016.supserv.cozmoslabs.com\/wp-content\/plugins\/translatepress-multilingual\/assets\/flags\/4x3\/zh_CN.svg\" class=\"trp-flag-image\" alt=\"\" role=\"presentation\" loading=\"lazy\" \/>                                                            <span class=\"trp-language-item-name\" data-no-translation>ZH<\/span>\r\n                                                                                <\/a>\r\n                                            <a class=\"trp-language-item\" href=\"https:\/\/iarina016.supserv.cozmoslabs.com\/de\/wp-json\/wp\/v2\/pages\/162\" title=\"JA\">\r\n                            <img decoding=\"async\" src=\"https:\/\/iarina016.supserv.cozmoslabs.com\/wp-content\/plugins\/translatepress-multilingual\/assets\/flags\/4x3\/ja.svg\" class=\"trp-flag-image\" alt=\"\" role=\"presentation\" loading=\"lazy\" \/>                                                            <span class=\"trp-language-item-name\" data-no-translation>JA<\/span>\r\n                                                                                <\/a>\r\n                                            <a class=\"trp-language-item\" href=\"https:\/\/iarina016.supserv.cozmoslabs.com\/de\/wp-json\/wp\/v2\/pages\/162\" title=\"CA\">\r\n                            <img decoding=\"async\" src=\"https:\/\/iarina016.supserv.cozmoslabs.com\/wp-content\/plugins\/translatepress-multilingual\/assets\/flags\/4x3\/ca.svg\" class=\"trp-flag-image\" alt=\"\" role=\"presentation\" loading=\"lazy\" \/>                                                            <span class=\"trp-language-item-name\" data-no-translation>CA<\/span>\r\n                                                                                <\/a>\r\n                                            <a class=\"trp-language-item\" href=\"https:\/\/iarina016.supserv.cozmoslabs.com\/de\/wp-json\/wp\/v2\/pages\/162\" title=\"NL\">\r\n                            <img decoding=\"async\" src=\"https:\/\/iarina016.supserv.cozmoslabs.com\/wp-content\/plugins\/translatepress-multilingual\/assets\/flags\/4x3\/nl_NL.svg\" class=\"trp-flag-image\" alt=\"\" role=\"presentation\" loading=\"lazy\" \/>                                                            <span class=\"trp-language-item-name\" data-no-translation>NL<\/span>\r\n                                                                                <\/a>\r\n                                            <a class=\"trp-language-item\" href=\"https:\/\/iarina016.supserv.cozmoslabs.com\/de\/wp-json\/wp\/v2\/pages\/162\" title=\"FR_FR\">\r\n                            <img decoding=\"async\" src=\"https:\/\/iarina016.supserv.cozmoslabs.com\/wp-content\/plugins\/translatepress-multilingual\/assets\/flags\/4x3\/fr_FR.svg\" class=\"trp-flag-image\" alt=\"\" role=\"presentation\" loading=\"lazy\" \/>                                                            <span class=\"trp-language-item-name\" data-no-translation>FR_FR<\/span>\r\n                                                                                <\/a>\r\n                                            <a class=\"trp-language-item\" href=\"https:\/\/iarina016.supserv.cozmoslabs.com\/de\/wp-json\/wp\/v2\/pages\/162\" title=\"RO\">\r\n                            <img decoding=\"async\" src=\"https:\/\/iarina016.supserv.cozmoslabs.com\/wp-content\/plugins\/translatepress-multilingual\/assets\/flags\/4x3\/ro_RO.svg\" class=\"trp-flag-image\" alt=\"\" role=\"presentation\" loading=\"lazy\" \/>                                                            <span class=\"trp-language-item-name\" data-no-translation>RO<\/span>\r\n                                                                                <\/a>\r\n                                                <\/div>\r\n        <\/div>\r\n\r\n    <\/div>\r\n<style id=\"trp-language-switcher-shortcode-custom-css\">@media screen and (max-width: 767px) {\n.trp-language-switcher, .trp-language-switcher .trp-shortcode-switcher_wrapper, .trp-language-switcher .trp-current-language-item_wrapper, .trp-language-switcher .trp-language-item { background-color: rgb(0, 0, 0) !important; }\n.trp-language-switcher, .trp-language-switcher .trp-current-language-item_wrapper, .trp-language-switcher .trp-language-item, .trp-language-switcher .trp-language-item a { color: rgb(255, 255, 255) !important; }\n.trp-language-switcher .trp-switcher-dropdown-list, .trp-language-switcher .trp-ls-dropdown { background-color: rgb(0, 0, 0) !important; }\n.trp-language-switcher, .trp-language-switcher .trp-current-language-item_wrapper, .trp-language-switcher .trp-language-item { border: none !important; }\n}<\/style><\/div>\n\t\t\t\t\t\t<\/div>\n\t\t\t\t\t<\/div>\n\t\t\t\t<\/div>\n\t\t<div class=\"elementor-element elementor-element-c05d7af e-grid e-con-boxed e-con e-parent\" data-id=\"c05d7af\" data-element_type=\"container\" data-e-type=\"container\">\n\t\t\t\t\t<div class=\"e-con-inner\">\n\t\t\t\t<div class=\"elementor-element elementor-element-6977aa7 elementor-widget elementor-widget-text-editor\" data-id=\"6977aa7\" data-element_type=\"widget\" data-e-type=\"widget\" data-widget_type=\"text-editor.default\">\n\t\t\t\t\t\t\t\t\t<p><strong>Der Berner Sennenhund,<\/strong> oder \u201cBerner\u201d, ist eine gro\u00dfe, dreifarbige Gebrauchshunderasse, die urspr\u00fcnglich aus den Schweizer Alpen stammt. Sie sind bekannt f\u00fcr ihr auff\u00e4lliges Aussehen - dichtes, seidiges und m\u00e4\u00dfig langes Fell in Schwarz, Rost und Wei\u00df - und sind ebenso sch\u00f6n wie gutm\u00fctig. Historisch gesehen wurden diese vielseitigen Hunde eingesetzt, um <strong>h\u00fcten Vieh, ziehen Fuhrwerke und dienen als Hofw\u00e4chter in der Region Bern in der Schweiz<\/strong>, Daher haben sie auch ihren Namen. Ihr kr\u00e4ftiger K\u00f6rperbau und ihre Intelligenz machten sie jahrhundertelang zu unverzichtbaren Begleitern der Bauern.<\/p>\t\t\t\t\t\t\t\t<\/div>\n\t\t\t\t<div class=\"elementor-element elementor-element-1201925 elementor-widget elementor-widget-text-editor\" data-id=\"1201925\" data-element_type=\"widget\" data-e-type=\"widget\" data-widget_type=\"text-editor.default\">\n\t\t\t\t\t\t\t\t\t<p>Heute jedoch ist der Berner nahtlos von den rauen Weiden der Alpen in das Herz des modernen Familienhauses \u00fcbergegangen. Trotz ihrer imposanten Gr\u00f6\u00dfe werden sie wegen ihres ruhigen, anh\u00e4nglichen Wesens und ihrer besonderen Geduld mit Kindern oft als \u201csanfte Riesen\u201d bezeichnet. Sie gedeihen in menschlicher Gesellschaft und neigen dazu, tiefe, loyale Bindungen mit ihren Besitzern einzugehen, wobei sie sich oft an deren Beine lehnen, um ihre Zuneigung zu zeigen. Sie genie\u00dfen es, an der frischen Luft spazieren zu gehen oder im Schnee zu toben, aber ihre gr\u00f6\u00dfte Freude ist es, in das t\u00e4gliche Leben ihres \u201cRudels\u201d eingebunden zu sein, was sie zu einem der beliebtesten und treuesten Begleiter in der Hundewelt macht.<\/p>\t\t\t\t\t\t\t\t<\/div>\n\t\t\t\t\t<\/div>\n\t\t\t\t<\/div>\n\t\t<div class=\"elementor-element elementor-element-8d6d543 e-flex e-con-boxed e-con e-parent\" data-id=\"8d6d543\" data-element_type=\"container\" data-e-type=\"container\">\n\t\t\t\t\t<div class=\"e-con-inner\">\n\t\t\t\t<div class=\"elementor-element elementor-element-9443f3b elementor-widget elementor-widget-text-editor\" data-id=\"9443f3b\" data-element_type=\"widget\" data-e-type=\"widget\" data-widget_type=\"text-editor.default\">\n\t\t\t\t\t\t\t\t\t<p>Wie stellen die Bewertungskandidaten die Objektivit\u00e4t des PassCode\u2122-Spiels sicher?<\/p><p>Unser automatisiertes PassCode\u2122-Spiel rationalisiert Ihren Rekrutierungsprozess<\/p><ul><li>Sparen Sie Zeit, indem Sie das PassCode\u2122-Spiel hinzuf\u00fcgen und Tausende von Kandidaten in wenigen Minuten einladen.<\/li><\/ul><p>Wie viel kostet das Assess Candidates PassCode\u2122 Game-based Assessment?<\/p><p>Unser PassCode\u2122-Spiel erfordert keine vorherige Spielerfahrung und enth\u00e4lt klare Anweisungen und Ziele f\u00fcr die Kandidaten. Die\u00a0<a href=\"https:\/\/fvcsnyl2us-staging.wpdns.site\/product\/passcode-pre-employment-hiring-game-assessment#overview\">Spiel ist eine interaktive und fesselnde Aufgabe<\/a>\u00a0entwickelt, um Stress, \u00c4ngste und Langeweile der Bewerber w\u00e4hrend des Einstellungsverfahrens zu verringern. Die Hauptschwierigkeit f\u00fcr die Bewerber besteht darin, dass spielbasierte Bewertungen ein neues und unbekanntes Konzept sein k\u00f6nnen.<\/p><p>Was misst das Assess Candidates PassCode\u2122 Game?<br \/><br \/>F\u00fcr Kampagnen mit mehr als 10.000 Kandidaten fordern Sie bitte ein Angebot an.<\/p>\t\t\t\t\t\t\t\t<\/div>\n\t\t\t\t\t<\/div>\n\t\t\t\t<\/div>\n\t\t<div class=\"elementor-element elementor-element-2726b19 e-grid e-con-boxed e-con e-parent\" data-id=\"2726b19\" data-element_type=\"container\" data-e-type=\"container\">\n\t\t\t\t\t<div class=\"e-con-inner\">\n\t\t\t\t<div class=\"elementor-element elementor-element-647e160 elementor-widget elementor-widget-button\" data-id=\"647e160\" data-element_type=\"widget\" data-e-type=\"widget\" data-widget_type=\"button.default\">\n\t\t\t\t\t\t\t\t\t\t<a class=\"elementor-button elementor-button-link elementor-size-sm\" href=\"https:\/\/paintnprogress.art\/ru\/%d0%be-%d0%bd%d0%b0%d1%81\/\">\n\t\t\t\t\t\t<span class=\"elementor-button-content-wrapper\">\n\t\t\t\t\t\t\t\t\t<span class=\"elementor-button-text\">Hier klicken2<\/span>\n\t\t\t\t\t<\/span>\n\t\t\t\t\t<\/a>\n\t\t\t\t\t\t\t\t<\/div>\n\t\t\t\t<div class=\"elementor-element elementor-element-6953de2 elementor-widget elementor-widget-button\" data-id=\"6953de2\" data-element_type=\"widget\" data-e-type=\"widget\" data-widget_type=\"button.default\">\n\t\t\t\t\t\t\t\t\t\t<a class=\"elementor-button elementor-button-link elementor-size-sm\" href=\"https:\/\/my.pomtava.com\/moovapps\/navigation\/VDocWEBExplorer\/fileLink?f=m0IyLuwWSXekd%2FxcmjwcTajBNTggYW5tUwo5kttRtHb9%2B3W0L5Re3kBLkOiuU3AX\">\n\t\t\t\t\t\t<span class=\"elementor-button-content-wrapper\">\n\t\t\t\t\t\t\t\t\t<span class=\"elementor-button-text\">Klicken Sie hier<\/span>\n\t\t\t\t\t<\/span>\n\t\t\t\t\t<\/a>\n\t\t\t\t\t\t\t\t<\/div>\n\t\t\t\t\t<\/div>\n\t\t\t\t<\/div>\n\t\t<div class=\"elementor-element elementor-element-a8dd516 e-flex e-con-boxed e-con e-parent\" data-id=\"a8dd516\" data-element_type=\"container\" data-e-type=\"container\">\n\t\t\t\t\t<div class=\"e-con-inner\">\n\t\t\t\t<div class=\"elementor-element elementor-element-466fea9 elementor-widget elementor-widget-text-editor\" data-id=\"466fea9\" data-element_type=\"widget\" data-e-type=\"widget\" data-widget_type=\"text-editor.default\">\n\t\t\t\t\t\t\t\t\t<h2><strong>Alternativen zu Buffer<\/strong><\/h2><p>Nutzer suchen m\u00f6glicherweise nach Alternativen zu Buffer, da das Preismodell schnell ansteigt, wenn mehr Konten hinzugef\u00fcgt werden, was f\u00fcr Unternehmen, die mehrere Social-Media-Profile verwalten, teuer werden kann. Dar\u00fcber hinaus finden einige Nutzer die Funktionen von Buffer begrenzt, insbesondere in Bereichen wie umfassende Analysen und fortschrittliche Tools f\u00fcr die Zusammenarbeit im Team, die f\u00fcr gr\u00f6\u00dfere Teams oder komplexere Social-Media-Strategien entscheidend sind.<\/p><p>Hier sind also einige der besten\u00a0<a title=\"Buffer Alternativen\" href=\"https:\/\/www.socialpilot.co\/buffer-alternatives\" rel=\"dofollow\">Buffer Alternativen<\/a>\u00a0Seite an Seite verglichen.<\/p>\t\t\t\t\t\t\t\t<\/div>\n\t\t\t\t\t<\/div>\n\t\t\t\t<\/div>\n\t\t<div class=\"elementor-element elementor-element-bb839bf e-flex e-con-boxed e-con e-parent\" data-id=\"bb839bf\" data-element_type=\"container\" data-e-type=\"container\">\n\t\t\t\t\t<div class=\"e-con-inner\">\n\t\t\t\t\t<\/div>\n\t\t\t\t<\/div>\n\t\t\t\t<\/div>","protected":false},"excerpt":{"rendered":"<p>The Bernese Mountain Dog, or &#8220;Berner,&#8221; is a large, tri-colored working breed originating from the Swiss Alps. Known for their striking appearance\u2014a thick, silky, and moderately long coat in black, rust, and white\u2014they are as beautiful as they are sweet-tempered. Historically, these versatile dogs were used to herd cattle, pull carts, and serve as farm [&hellip;]<\/p>\n","protected":false},"author":1,"featured_media":0,"parent":0,"menu_order":0,"comment_status":"closed","ping_status":"closed","template":"","meta":{"footnotes":""},"class_list":["post-162","page","type-page","status-publish","hentry"],"_links":{"self":[{"href":"https:\/\/iarina016.supserv.cozmoslabs.com\/de\/wp-json\/wp\/v2\/pages\/162","targetHints":{"allow":["GET"]}}],"collection":[{"href":"https:\/\/iarina016.supserv.cozmoslabs.com\/de\/wp-json\/wp\/v2\/pages"}],"about":[{"href":"https:\/\/iarina016.supserv.cozmoslabs.com\/de\/wp-json\/wp\/v2\/types\/page"}],"author":[{"embeddable":true,"href":"https:\/\/iarina016.supserv.cozmoslabs.com\/de\/wp-json\/wp\/v2\/users\/1"}],"replies":[{"embeddable":true,"href":"https:\/\/iarina016.supserv.cozmoslabs.com\/de\/wp-json\/wp\/v2\/comments?post=162"}],"version-history":[{"count":40,"href":"https:\/\/iarina016.supserv.cozmoslabs.com\/de\/wp-json\/wp\/v2\/pages\/162\/revisions"}],"predecessor-version":[{"id":338,"href":"https:\/\/iarina016.supserv.cozmoslabs.com\/de\/wp-json\/wp\/v2\/pages\/162\/revisions\/338"}],"wp:attachment":[{"href":"https:\/\/iarina016.supserv.cozmoslabs.com\/de\/wp-json\/wp\/v2\/media?parent=162"}],"curies":[{"name":"wp","href":"https:\/\/api.w.org\/{rel}","templated":true}]}}