{"id":151,"date":"2025-11-25T13:21:01","date_gmt":"2025-11-25T13:21:01","guid":{"rendered":"https:\/\/iarina016.supserv.cozmoslabs.com\/?post_type=product&#038;p=151"},"modified":"2025-11-25T15:08:23","modified_gmt":"2025-11-25T15:08:23","slug":"lila-kleid","status":"publish","type":"product","link":"https:\/\/iarina016.supserv.cozmoslabs.com\/de\/products\/purple-dress\/","title":{"rendered":"Purple dress"},"content":{"rendered":"<p data-path-to-node=\"1\">\ud83d\udc9c <b>Das Amethyst Dream Midikleid<\/b> \ud83d\udc9c<\/p>\n<p data-path-to-node=\"2\">Dieses atemberaubende Midikleid zeichnet sich durch einen reichen, tiefen <b>amethystfarben<\/b> Farbton in einem weichen, flie\u00dfenden Stoff. Sein klassisches <span class=\"math-inline\" data-math=\"\\text{A-line}\">A-Linie<\/span> Silhouette schmeichelt jeder Figur, w\u00e4hrend das subtile <span class=\"math-inline\" data-math=\"\\text{V-neckline}\">V-Ausschnitt<\/span>\u00a0und zart <b>R\u00fcschendetails<\/b> an den \u00c4rmeln verleihen einen Hauch von romantischer Eleganz. Perfekt f\u00fcr eine Hochzeit, ein Rendezvous oder eine anspruchsvolle Veranstaltung.<\/p>","protected":false},"excerpt":{"rendered":"<p>\ud83d\udc9c Das Amethyst Dream Midikleid \ud83d\udc9c Dieses atemberaubende Midikleid besticht durch einen satten, tief amethystfarbenen Farbton in einem weichen, flie\u00dfenden Stoff. Seine klassische A-Linien-Silhouette schmeichelt jeder Figur, w\u00e4hrend der dezente V-Ausschnitt und die zarten R\u00fcschendetails an den \u00c4rmeln einen Hauch von romantischer Eleganz verleihen. Perfekt f\u00fcr eine Hochzeit, ein Date oder eine elegante Veranstaltung.<\/p>","protected":false},"featured_media":76,"comment_status":"open","ping_status":"closed","template":"","meta":[],"product_brand":[],"product_cat":[19],"product_tag":[],"class_list":{"0":"post-151","1":"product","2":"type-product","3":"status-publish","4":"has-post-thumbnail","6":"product_cat-uncategorized","8":"first","9":"instock","10":"sale","11":"shipping-taxable","12":"purchasable","13":"product-type-simple"},"_links":{"self":[{"href":"https:\/\/iarina016.supserv.cozmoslabs.com\/de\/wp-json\/wp\/v2\/product\/151","targetHints":{"allow":["GET"]}}],"collection":[{"href":"https:\/\/iarina016.supserv.cozmoslabs.com\/de\/wp-json\/wp\/v2\/product"}],"about":[{"href":"https:\/\/iarina016.supserv.cozmoslabs.com\/de\/wp-json\/wp\/v2\/types\/product"}],"replies":[{"embeddable":true,"href":"https:\/\/iarina016.supserv.cozmoslabs.com\/de\/wp-json\/wp\/v2\/comments?post=151"}],"wp:featuredmedia":[{"embeddable":true,"href":"https:\/\/iarina016.supserv.cozmoslabs.com\/de\/wp-json\/wp\/v2\/media\/76"}],"wp:attachment":[{"href":"https:\/\/iarina016.supserv.cozmoslabs.com\/de\/wp-json\/wp\/v2\/media?parent=151"}],"wp:term":[{"taxonomy":"product_brand","embeddable":true,"href":"https:\/\/iarina016.supserv.cozmoslabs.com\/de\/wp-json\/wp\/v2\/product_brand?post=151"},{"taxonomy":"product_cat","embeddable":true,"href":"https:\/\/iarina016.supserv.cozmoslabs.com\/de\/wp-json\/wp\/v2\/product_cat?post=151"},{"taxonomy":"product_tag","embeddable":true,"href":"https:\/\/iarina016.supserv.cozmoslabs.com\/de\/wp-json\/wp\/v2\/product_tag?post=151"}],"curies":[{"name":"wp","href":"https:\/\/api.w.org\/{rel}","templated":true}]}}