{"id":152,"date":"2025-11-25T13:27:32","date_gmt":"2025-11-25T13:27:32","guid":{"rendered":"https:\/\/iarina016.supserv.cozmoslabs.com\/?post_type=product&#038;p=152"},"modified":"2026-03-04T14:04:06","modified_gmt":"2026-03-04T14:04:06","slug":"herz-parfum-flasche-halskette","status":"publish","type":"product","link":"https:\/\/iarina016.supserv.cozmoslabs.com\/de\/products\/heart-perfume-bottle-necklace\/","title":{"rendered":"Herz-Parf\u00fcmflaschen-Halskette"},"content":{"rendered":"<p>Ein klares, herzf\u00f6rmiges Glasfl\u00e4schchen f\u00fcr Parf\u00fcm oder \u00e4therische \u00d6le, das mit einem detaillierten Messingstopfen verschlossen ist. Der K\u00f6rper des Flakons ist mit einem filigranen Metall\u00fcberzug versehen, der an zarte Ranken und kleine Blumen erinnert. In der Mitte des floralen Schn\u00f6rkels befindet sich eine Gruppe von schimmernden <span class=\"math-inline\" data-math=\"\\text{Aurora Borealis}\">Aurora Borealis<\/span>\u00a0schillernde Strasssteine umgeben einen zentralen smaragdgr\u00fcnen Akzentstein. Das Schmuckst\u00fcck h\u00e4ngt an einer messingfarbenen Kette und kann sowohl als Halskette als auch zum Aufh\u00e4ngen getragen werden. Es vermittelt eine romantische Vintage-\u00c4sthetik.<\/p>","protected":false},"excerpt":{"rendered":"<p>Something<\/p>","protected":false},"featured_media":153,"comment_status":"open","ping_status":"closed","template":"","meta":[],"product_brand":[],"product_cat":[19],"product_tag":[],"class_list":{"0":"post-152","1":"product","2":"type-product","3":"status-publish","4":"has-post-thumbnail","6":"product_cat-uncategorized","8":"first","9":"instock","10":"sale","11":"shipping-taxable","12":"purchasable","13":"product-type-simple"},"_links":{"self":[{"href":"https:\/\/iarina016.supserv.cozmoslabs.com\/de\/wp-json\/wp\/v2\/product\/152","targetHints":{"allow":["GET"]}}],"collection":[{"href":"https:\/\/iarina016.supserv.cozmoslabs.com\/de\/wp-json\/wp\/v2\/product"}],"about":[{"href":"https:\/\/iarina016.supserv.cozmoslabs.com\/de\/wp-json\/wp\/v2\/types\/product"}],"replies":[{"embeddable":true,"href":"https:\/\/iarina016.supserv.cozmoslabs.com\/de\/wp-json\/wp\/v2\/comments?post=152"}],"wp:featuredmedia":[{"embeddable":true,"href":"https:\/\/iarina016.supserv.cozmoslabs.com\/de\/wp-json\/wp\/v2\/media\/153"}],"wp:attachment":[{"href":"https:\/\/iarina016.supserv.cozmoslabs.com\/de\/wp-json\/wp\/v2\/media?parent=152"}],"wp:term":[{"taxonomy":"product_brand","embeddable":true,"href":"https:\/\/iarina016.supserv.cozmoslabs.com\/de\/wp-json\/wp\/v2\/product_brand?post=152"},{"taxonomy":"product_cat","embeddable":true,"href":"https:\/\/iarina016.supserv.cozmoslabs.com\/de\/wp-json\/wp\/v2\/product_cat?post=152"},{"taxonomy":"product_tag","embeddable":true,"href":"https:\/\/iarina016.supserv.cozmoslabs.com\/de\/wp-json\/wp\/v2\/product_tag?post=152"}],"curies":[{"name":"wp","href":"https:\/\/api.w.org\/{rel}","templated":true}]}}