{"id":162,"date":"2026-01-06T13:14:48","date_gmt":"2026-01-06T13:14:48","guid":{"rendered":"https:\/\/iarina016.supserv.cozmoslabs.com\/?page_id=162"},"modified":"2026-03-30T10:23:36","modified_gmt":"2026-03-30T10:23:36","slug":"perros-de-montana-berneses","status":"publish","type":"page","link":"https:\/\/iarina016.supserv.cozmoslabs.com\/es\/bernese-mountain-dogs\/","title":{"rendered":"Perros de monta\u00f1a de Berna"},"content":{"rendered":"<div data-elementor-type=\"wp-page\" data-elementor-id=\"162\" class=\"elementor elementor-162\" data-elementor-post-type=\"page\">\n\t\t\t\t<div class=\"elementor-element elementor-element-fc2b75e e-flex e-con-boxed e-con e-parent\" data-id=\"fc2b75e\" data-element_type=\"container\" data-e-type=\"container\">\n\t\t\t\t\t<div class=\"e-con-inner\">\n\t\t\t\t<div class=\"elementor-element elementor-element-831b17b elementor-widget elementor-widget-shortcode\" data-id=\"831b17b\" data-element_type=\"widget\" data-e-type=\"widget\" data-widget_type=\"shortcode.default\">\n\t\t\t\t\t\t\t<div class=\"elementor-shortcode\"><div class=\"trp-shortcode-switcher__wrapper\"\r\n     style=\"--bg:#b16fe873;--bg-hover:#ffffff4d;--text:#ffffff;--text-hover:#ffffff;--border:1px solid #ffffff00;--border-width:1px;--border-color:#ffffff00;--border-radius:10px;--flag-radius:2px;--flag-size:18px;--aspect-ratio:4\/3;--font-size:14px;--transition-duration:0.2s\"\r\n     role=\"group\"\r\n     data-open-mode=\"hover\">\r\n\r\n    \r\n        <!-- ANCHOR (in-flow only; sizing\/borders; inert) -->\r\n        <div class=\"trp-language-switcher trp-ls-dropdown trp-shortcode-switcher trp-shortcode-anchor trp-open-on-hover\"\r\n             aria-hidden=\"true\"\r\n             inert\r\n data-no-translation>\r\n                <div class=\"trp-current-language-item__wrapper\">\r\n        <a class=\"trp-language-item trp-language-item__default trp-language-item__current\" data-no-translation href=\"https:\/\/iarina016.supserv.cozmoslabs.com\/es\/wp-json\/wp\/v2\/pages\/162\" title=\"ES\"><img decoding=\"async\" src=\"https:\/\/iarina016.supserv.cozmoslabs.com\/wp-content\/plugins\/translatepress-multilingual\/assets\/flags\/4x3\/es_ES.svg\" class=\"trp-flag-image\" alt=\"\" role=\"presentation\" loading=\"lazy\" \/><span class=\"trp-language-item-name\">ES<\/span><\/a>                    <svg class=\"trp-shortcode-arrow\" width=\"20\" height=\"20\" viewbox=\"0 0 20 21\" fill=\"none\" aria-hidden=\"true\" focusable=\"false\" xmlns=\"http:\/\/www.w3.org\/2000\/svg\">\r\n                <path d=\"M5 8L10 13L15 8\" stroke=\"var(--text)\" stroke-width=\"2\" stroke-linecap=\"round\" stroke-linejoin=\"round\"\/>\r\n            <\/svg>\r\n            <\/div>\r\n            <\/div>\r\n\r\n        <!-- OVERLAY (positioned; interactive surface) -->\r\n        <div class=\"trp-language-switcher trp-ls-dropdown trp-shortcode-switcher trp-shortcode-overlay trp-open-on-hover\"\r\n             role=\"navigation\"\r\n             aria-label=\"Selector de idioma del sitio web\"\r\n             data-no-translation\r\n>\r\n                <div class=\"trp-current-language-item__wrapper\">\r\n        <div class=\"trp-language-item trp-language-item__default trp-language-item__current\" data-no-translation role=\"button\" aria-expanded=\"false\" tabindex=\"0\" aria-label=\"Change language\" aria-controls=\"trp-shortcode-dropdown-69ee4d530659c\"><img decoding=\"async\" src=\"https:\/\/iarina016.supserv.cozmoslabs.com\/wp-content\/plugins\/translatepress-multilingual\/assets\/flags\/4x3\/es_ES.svg\" class=\"trp-flag-image\" alt=\"\" role=\"presentation\" loading=\"lazy\" \/><span class=\"trp-language-item-name\">ES<\/span><\/div>                    <svg class=\"trp-shortcode-arrow\" width=\"20\" height=\"20\" viewbox=\"0 0 20 21\" fill=\"none\" aria-hidden=\"true\" focusable=\"false\" xmlns=\"http:\/\/www.w3.org\/2000\/svg\">\r\n                <path d=\"M5 8L10 13L15 8\" stroke=\"var(--text)\" stroke-width=\"2\" stroke-linecap=\"round\" stroke-linejoin=\"round\"\/>\r\n            <\/svg>\r\n            <\/div>\r\n    \r\n            <div class=\"trp-switcher-dropdown-list\"\r\n                 id=\"trp-shortcode-dropdown-69ee4d530659c\"\r\n                 role=\"group\"\r\n                 aria-label=\"Idiomas disponibles\"\r\n                 hidden\r\n inert\r\n>\r\n                                                            <a class=\"trp-language-item\" href=\"https:\/\/iarina016.supserv.cozmoslabs.com\/es\/wp-json\/wp\/v2\/pages\/162\" title=\"ES\">\r\n                            <img decoding=\"async\" src=\"https:\/\/iarina016.supserv.cozmoslabs.com\/wp-content\/plugins\/translatepress-multilingual\/assets\/flags\/4x3\/en_US.svg\" class=\"trp-flag-image\" alt=\"\" role=\"presentation\" loading=\"lazy\" \/>                                                            <span class=\"trp-language-item-name\" data-no-translation>EN<\/span>\r\n                                                                                <\/a>\r\n                                            <a class=\"trp-language-item\" href=\"https:\/\/iarina016.supserv.cozmoslabs.com\/es\/wp-json\/wp\/v2\/pages\/162\" title=\"AR\">\r\n                            <img decoding=\"async\" src=\"https:\/\/iarina016.supserv.cozmoslabs.com\/wp-content\/plugins\/translatepress-multilingual\/assets\/flags\/4x3\/ar.svg\" class=\"trp-flag-image\" alt=\"\" role=\"presentation\" loading=\"lazy\" \/>                                                            <span class=\"trp-language-item-name\" data-no-translation>AR<\/span>\r\n                                                                                <\/a>\r\n                                            <a class=\"trp-language-item\" href=\"https:\/\/iarina016.supserv.cozmoslabs.com\/es\/wp-json\/wp\/v2\/pages\/162\" title=\"ZH\">\r\n                            <img decoding=\"async\" src=\"https:\/\/iarina016.supserv.cozmoslabs.com\/wp-content\/plugins\/translatepress-multilingual\/assets\/flags\/4x3\/zh_CN.svg\" class=\"trp-flag-image\" alt=\"\" role=\"presentation\" loading=\"lazy\" \/>                                                            <span class=\"trp-language-item-name\" data-no-translation>ZH<\/span>\r\n                                                                                <\/a>\r\n                                            <a class=\"trp-language-item\" href=\"https:\/\/iarina016.supserv.cozmoslabs.com\/es\/wp-json\/wp\/v2\/pages\/162\" title=\"JA\">\r\n                            <img decoding=\"async\" src=\"https:\/\/iarina016.supserv.cozmoslabs.com\/wp-content\/plugins\/translatepress-multilingual\/assets\/flags\/4x3\/ja.svg\" class=\"trp-flag-image\" alt=\"\" role=\"presentation\" loading=\"lazy\" \/>                                                            <span class=\"trp-language-item-name\" data-no-translation>JA<\/span>\r\n                                                                                <\/a>\r\n                                            <a class=\"trp-language-item\" href=\"https:\/\/iarina016.supserv.cozmoslabs.com\/es\/wp-json\/wp\/v2\/pages\/162\" title=\"CA\">\r\n                            <img decoding=\"async\" src=\"https:\/\/iarina016.supserv.cozmoslabs.com\/wp-content\/plugins\/translatepress-multilingual\/assets\/flags\/4x3\/ca.svg\" class=\"trp-flag-image\" alt=\"\" role=\"presentation\" loading=\"lazy\" \/>                                                            <span class=\"trp-language-item-name\" data-no-translation>CA<\/span>\r\n                                                                                <\/a>\r\n                                            <a class=\"trp-language-item\" href=\"https:\/\/iarina016.supserv.cozmoslabs.com\/es\/wp-json\/wp\/v2\/pages\/162\" title=\"DE\">\r\n                            <img decoding=\"async\" src=\"https:\/\/iarina016.supserv.cozmoslabs.com\/wp-content\/plugins\/translatepress-multilingual\/assets\/flags\/4x3\/de_DE.svg\" class=\"trp-flag-image\" alt=\"\" role=\"presentation\" loading=\"lazy\" \/>                                                            <span class=\"trp-language-item-name\" data-no-translation>DE<\/span>\r\n                                                                                <\/a>\r\n                                            <a class=\"trp-language-item\" href=\"https:\/\/iarina016.supserv.cozmoslabs.com\/es\/wp-json\/wp\/v2\/pages\/162\" title=\"NL\">\r\n                            <img decoding=\"async\" src=\"https:\/\/iarina016.supserv.cozmoslabs.com\/wp-content\/plugins\/translatepress-multilingual\/assets\/flags\/4x3\/nl_NL.svg\" class=\"trp-flag-image\" alt=\"\" role=\"presentation\" loading=\"lazy\" \/>                                                            <span class=\"trp-language-item-name\" data-no-translation>NL<\/span>\r\n                                                                                <\/a>\r\n                                            <a class=\"trp-language-item\" href=\"https:\/\/iarina016.supserv.cozmoslabs.com\/es\/wp-json\/wp\/v2\/pages\/162\" title=\"FR_FR\">\r\n                            <img decoding=\"async\" src=\"https:\/\/iarina016.supserv.cozmoslabs.com\/wp-content\/plugins\/translatepress-multilingual\/assets\/flags\/4x3\/fr_FR.svg\" class=\"trp-flag-image\" alt=\"\" role=\"presentation\" loading=\"lazy\" \/>                                                            <span class=\"trp-language-item-name\" data-no-translation>FR_FR<\/span>\r\n                                                                                <\/a>\r\n                                            <a class=\"trp-language-item\" href=\"https:\/\/iarina016.supserv.cozmoslabs.com\/es\/wp-json\/wp\/v2\/pages\/162\" title=\"RO\">\r\n                            <img decoding=\"async\" src=\"https:\/\/iarina016.supserv.cozmoslabs.com\/wp-content\/plugins\/translatepress-multilingual\/assets\/flags\/4x3\/ro_RO.svg\" class=\"trp-flag-image\" alt=\"\" role=\"presentation\" loading=\"lazy\" \/>                                                            <span class=\"trp-language-item-name\" data-no-translation>RO<\/span>\r\n                                                                                <\/a>\r\n                                                <\/div>\r\n        <\/div>\r\n\r\n    <\/div>\r\n<style id=\"trp-language-switcher-shortcode-custom-css\">@media screen and (max-width: 767px) {\n.trp-language-switcher, .trp-language-switcher .trp-shortcode-switcher_wrapper, .trp-language-switcher .trp-current-language-item_wrapper, .trp-language-switcher .trp-language-item { background-color: rgb(0, 0, 0) !important; }\n.trp-language-switcher, .trp-language-switcher .trp-current-language-item_wrapper, .trp-language-switcher .trp-language-item, .trp-language-switcher .trp-language-item a { color: rgb(255, 255, 255) !important; }\n.trp-language-switcher .trp-switcher-dropdown-list, .trp-language-switcher .trp-ls-dropdown { background-color: rgb(0, 0, 0) !important; }\n.trp-language-switcher, .trp-language-switcher .trp-current-language-item_wrapper, .trp-language-switcher .trp-language-item { border: none !important; }\n}<\/style><\/div>\n\t\t\t\t\t\t<\/div>\n\t\t\t\t\t<\/div>\n\t\t\t\t<\/div>\n\t\t<div class=\"elementor-element elementor-element-c05d7af e-grid e-con-boxed e-con e-parent\" data-id=\"c05d7af\" data-element_type=\"container\" data-e-type=\"container\">\n\t\t\t\t\t<div class=\"e-con-inner\">\n\t\t\t\t<div class=\"elementor-element elementor-element-6977aa7 elementor-widget elementor-widget-text-editor\" data-id=\"6977aa7\" data-element_type=\"widget\" data-e-type=\"widget\" data-widget_type=\"text-editor.default\">\n\t\t\t\t\t\t\t\t\t<p><strong>El Boyero de Berna,<\/strong> o \u201cbern\u00e9s\u201d, es una raza de trabajo grande y tricolor originaria de los Alpes suizos. Conocidos por su llamativo aspecto -un pelaje espeso, sedoso y moderadamente largo en negro, \u00f3xido y blanco-, son tan bellos como afables. Hist\u00f3ricamente, estos vers\u00e1tiles perros se utilizaban para <strong>pastorean ganado, tiran de carros y son guardianes de granjas en la regi\u00f3n suiza de Berna.<\/strong>, De ah\u00ed su nombre. Su poderosa constituci\u00f3n y su inteligencia los convirtieron en compa\u00f1eros indispensables de los granjeros durante siglos.<\/p>\t\t\t\t\t\t\t\t<\/div>\n\t\t\t\t<div class=\"elementor-element elementor-element-1201925 elementor-widget elementor-widget-text-editor\" data-id=\"1201925\" data-element_type=\"widget\" data-e-type=\"widget\" data-widget_type=\"text-editor.default\">\n\t\t\t\t\t\t\t\t\t<p>Hoy en d\u00eda, sin embargo, el bern\u00e9s ha pasado sin problemas de los agrestes pastos de los Alpes al coraz\u00f3n del hogar familiar moderno. A pesar de su imponente tama\u00f1o, a menudo se les describe como \u201cgigantes amables\u201d por su car\u00e1cter tranquilo y afectuoso y su especial paciencia con los ni\u00f1os. Les encanta la compa\u00f1\u00eda humana y tienden a crear lazos profundos y leales con sus due\u00f1os, a menudo apoy\u00e1ndose en sus piernas para mostrar su afecto. Aunque siguen disfrutando de un paseo en\u00e9rgico al aire libre o de un retozo juguet\u00f3n en la nieve, su mayor alegr\u00eda es simplemente participar en la vida diaria de su \u201cmanada\u201d, lo que les convierte en uno de los compa\u00f1eros m\u00e1s queridos y devotos del mundo canino.<\/p>\t\t\t\t\t\t\t\t<\/div>\n\t\t\t\t\t<\/div>\n\t\t\t\t<\/div>\n\t\t<div class=\"elementor-element elementor-element-8d6d543 e-flex e-con-boxed e-con e-parent\" data-id=\"8d6d543\" data-element_type=\"container\" data-e-type=\"container\">\n\t\t\t\t\t<div class=\"e-con-inner\">\n\t\t\t\t<div class=\"elementor-element elementor-element-9443f3b elementor-widget elementor-widget-text-editor\" data-id=\"9443f3b\" data-element_type=\"widget\" data-e-type=\"widget\" data-widget_type=\"text-editor.default\">\n\t\t\t\t\t\t\t\t\t<p>C\u00f3mo garantizan los candidatos evaluados la objetividad del Juego PassCode\u2122?<\/p><p>Nuestro Juego PassCode\u2122 automatizado agiliza su proceso de contrataci\u00f3n<\/p><ul><li>ahorre tiempo a\u00f1adiendo el Juego PassCode\u2122 e invitando a miles de candidatos en cuesti\u00f3n de minutos.<\/li><\/ul><p>Cu\u00e1nto cuesta la evaluaci\u00f3n basada en el juego Assess Candidates PassCode\u2122?<\/p><p>Nuestro Juego PassCode\u2122 no requiere ninguna experiencia de juego previa e incluye instrucciones y objetivos claros para los candidatos. El sitio\u00a0<a href=\"https:\/\/fvcsnyl2us-staging.wpdns.site\/product\/passcode-pre-employment-hiring-game-assessment#overview\">el juego es una tarea interactiva y atractiva<\/a>\u00a0dise\u00f1ados para reducir el estr\u00e9s, la ansiedad y el aburrimiento de los candidatos durante el proceso de contrataci\u00f3n. La principal dificultad para los candidatos es que las evaluaciones basadas en juegos pueden ser un concepto nuevo y desconocido.<\/p><p>Qu\u00e9 mide el juego Assess Candidates PassCode\u2122?<br \/><br \/>Para campa\u00f1as que superen los 10.000 candidatos, solicite presupuesto.<\/p>\t\t\t\t\t\t\t\t<\/div>\n\t\t\t\t\t<\/div>\n\t\t\t\t<\/div>\n\t\t<div class=\"elementor-element elementor-element-2726b19 e-grid e-con-boxed e-con e-parent\" data-id=\"2726b19\" data-element_type=\"container\" data-e-type=\"container\">\n\t\t\t\t\t<div class=\"e-con-inner\">\n\t\t\t\t<div class=\"elementor-element elementor-element-647e160 elementor-widget elementor-widget-button\" data-id=\"647e160\" data-element_type=\"widget\" data-e-type=\"widget\" data-widget_type=\"button.default\">\n\t\t\t\t\t\t\t\t\t\t<a class=\"elementor-button elementor-button-link elementor-size-sm\" href=\"https:\/\/paintnprogress.art\/ru\/-\/\">\n\t\t\t\t\t\t<span class=\"elementor-button-content-wrapper\">\n\t\t\t\t\t\t\t\t\t<span class=\"elementor-button-text\">Click here2<\/span>\n\t\t\t\t\t<\/span>\n\t\t\t\t\t<\/a>\n\t\t\t\t\t\t\t\t<\/div>\n\t\t\t\t<div class=\"elementor-element elementor-element-6953de2 elementor-widget elementor-widget-button\" data-id=\"6953de2\" data-element_type=\"widget\" data-e-type=\"widget\" data-widget_type=\"button.default\">\n\t\t\t\t\t\t\t\t\t\t<a class=\"elementor-button elementor-button-link elementor-size-sm\" href=\"https:\/\/my.pomtava.com\/moovapps\/navigation\/VDocWEBExplorer\/fileLink?f=m0IyLuwWSXekd%2FxcmjwcTajBNTggYW5tUwo5kttRtHb9%2B3W0L5Re3kBLkOiuU3AX\">\n\t\t\t\t\t\t<span class=\"elementor-button-content-wrapper\">\n\t\t\t\t\t\t\t\t\t<span class=\"elementor-button-text\">Click here<\/span>\n\t\t\t\t\t<\/span>\n\t\t\t\t\t<\/a>\n\t\t\t\t\t\t\t\t<\/div>\n\t\t\t\t\t<\/div>\n\t\t\t\t<\/div>\n\t\t<div class=\"elementor-element elementor-element-a8dd516 e-flex e-con-boxed e-con e-parent\" data-id=\"a8dd516\" data-element_type=\"container\" data-e-type=\"container\">\n\t\t\t\t\t<div class=\"e-con-inner\">\n\t\t\t\t<div class=\"elementor-element elementor-element-466fea9 elementor-widget elementor-widget-text-editor\" data-id=\"466fea9\" data-element_type=\"widget\" data-e-type=\"widget\" data-widget_type=\"text-editor.default\">\n\t\t\t\t\t\t\t\t\t<h2><strong>Alternativas a Buffer<\/strong><\/h2><p>Los usuarios pueden buscar alternativas a Buffer debido a su modelo de precios, que aumenta r\u00e1pidamente a medida que se a\u00f1aden m\u00e1s cuentas, lo que puede resultar caro para las empresas que gestionan varios perfiles en redes sociales. Adem\u00e1s, algunos usuarios consideran que las funciones de Buffer son limitadas, sobre todo en \u00e1reas como el an\u00e1lisis exhaustivo y las herramientas avanzadas de colaboraci\u00f3n en equipo, que son cruciales para equipos m\u00e1s grandes o estrategias de redes sociales m\u00e1s complejas.<\/p><p>He aqu\u00ed algunas de las mejores\u00a0<a title=\"Alternativas Buffer\" href=\"https:\/\/www.socialpilot.co\/buffer-alternatives\" rel=\"dofollow\">Alternativas Buffer<\/a>\u00a0comparados uno al lado del otro.<\/p>\t\t\t\t\t\t\t\t<\/div>\n\t\t\t\t\t<\/div>\n\t\t\t\t<\/div>\n\t\t<div class=\"elementor-element elementor-element-bb839bf e-flex e-con-boxed e-con e-parent\" data-id=\"bb839bf\" data-element_type=\"container\" data-e-type=\"container\">\n\t\t\t\t\t<div class=\"e-con-inner\">\n\t\t\t\t\t<\/div>\n\t\t\t\t<\/div>\n\t\t\t\t<\/div>","protected":false},"excerpt":{"rendered":"<p>The Bernese Mountain Dog, or &#8220;Berner,&#8221; is a large, tri-colored working breed originating from the Swiss Alps. Known for their striking appearance\u2014a thick, silky, and moderately long coat in black, rust, and white\u2014they are as beautiful as they are sweet-tempered. Historically, these versatile dogs were used to herd cattle, pull carts, and serve as farm [&hellip;]<\/p>\n","protected":false},"author":1,"featured_media":0,"parent":0,"menu_order":0,"comment_status":"closed","ping_status":"closed","template":"","meta":{"footnotes":""},"class_list":["post-162","page","type-page","status-publish","hentry"],"_links":{"self":[{"href":"https:\/\/iarina016.supserv.cozmoslabs.com\/es\/wp-json\/wp\/v2\/pages\/162","targetHints":{"allow":["GET"]}}],"collection":[{"href":"https:\/\/iarina016.supserv.cozmoslabs.com\/es\/wp-json\/wp\/v2\/pages"}],"about":[{"href":"https:\/\/iarina016.supserv.cozmoslabs.com\/es\/wp-json\/wp\/v2\/types\/page"}],"author":[{"embeddable":true,"href":"https:\/\/iarina016.supserv.cozmoslabs.com\/es\/wp-json\/wp\/v2\/users\/1"}],"replies":[{"embeddable":true,"href":"https:\/\/iarina016.supserv.cozmoslabs.com\/es\/wp-json\/wp\/v2\/comments?post=162"}],"version-history":[{"count":40,"href":"https:\/\/iarina016.supserv.cozmoslabs.com\/es\/wp-json\/wp\/v2\/pages\/162\/revisions"}],"predecessor-version":[{"id":338,"href":"https:\/\/iarina016.supserv.cozmoslabs.com\/es\/wp-json\/wp\/v2\/pages\/162\/revisions\/338"}],"wp:attachment":[{"href":"https:\/\/iarina016.supserv.cozmoslabs.com\/es\/wp-json\/wp\/v2\/media?parent=162"}],"curies":[{"name":"wp","href":"https:\/\/api.w.org\/{rel}","templated":true}]}}