{"id":152,"date":"2025-11-25T13:27:32","date_gmt":"2025-11-25T13:27:32","guid":{"rendered":"https:\/\/iarina016.supserv.cozmoslabs.com\/?post_type=product&#038;p=152"},"modified":"2026-03-04T14:04:06","modified_gmt":"2026-03-04T14:04:06","slug":"collar-corazon-frasco-perfume","status":"publish","type":"product","link":"https:\/\/iarina016.supserv.cozmoslabs.com\/es\/products\/heart-perfume-bottle-necklace\/","title":{"rendered":"Collar coraz\u00f3n de frasco de perfume"},"content":{"rendered":"<p>Frasco de vidrio transparente con forma de coraz\u00f3n, dise\u00f1ado para contener perfumes o aceites esenciales, tapado con un detallado tap\u00f3n de lat\u00f3n. El cuerpo del frasco est\u00e1 recubierto de una intrincada filigrana met\u00e1lica que recuerda delicadas enredaderas y peque\u00f1as flores. En el centro de las volutas florales, un racimo de brillantes <span class=\"math-inline\" data-math=\"\\text{Aurora Borealis}\">Aurora Boreal<\/span>\u00a0La joya central, de color verde esmeralda, est\u00e1 rodeada de brillantes iridiscentes. La pieza cuelga de una cadena de lat\u00f3n, por lo que puede llevarse como collar o colgada. Tiene una est\u00e9tica rom\u00e1ntica y vintage.<\/p>","protected":false},"excerpt":{"rendered":"<p>Something<\/p>","protected":false},"featured_media":153,"comment_status":"open","ping_status":"closed","template":"","meta":[],"product_brand":[],"product_cat":[19],"product_tag":[],"class_list":{"0":"post-152","1":"product","2":"type-product","3":"status-publish","4":"has-post-thumbnail","6":"product_cat-uncategorized","8":"first","9":"instock","10":"sale","11":"shipping-taxable","12":"purchasable","13":"product-type-simple"},"_links":{"self":[{"href":"https:\/\/iarina016.supserv.cozmoslabs.com\/es\/wp-json\/wp\/v2\/product\/152","targetHints":{"allow":["GET"]}}],"collection":[{"href":"https:\/\/iarina016.supserv.cozmoslabs.com\/es\/wp-json\/wp\/v2\/product"}],"about":[{"href":"https:\/\/iarina016.supserv.cozmoslabs.com\/es\/wp-json\/wp\/v2\/types\/product"}],"replies":[{"embeddable":true,"href":"https:\/\/iarina016.supserv.cozmoslabs.com\/es\/wp-json\/wp\/v2\/comments?post=152"}],"wp:featuredmedia":[{"embeddable":true,"href":"https:\/\/iarina016.supserv.cozmoslabs.com\/es\/wp-json\/wp\/v2\/media\/153"}],"wp:attachment":[{"href":"https:\/\/iarina016.supserv.cozmoslabs.com\/es\/wp-json\/wp\/v2\/media?parent=152"}],"wp:term":[{"taxonomy":"product_brand","embeddable":true,"href":"https:\/\/iarina016.supserv.cozmoslabs.com\/es\/wp-json\/wp\/v2\/product_brand?post=152"},{"taxonomy":"product_cat","embeddable":true,"href":"https:\/\/iarina016.supserv.cozmoslabs.com\/es\/wp-json\/wp\/v2\/product_cat?post=152"},{"taxonomy":"product_tag","embeddable":true,"href":"https:\/\/iarina016.supserv.cozmoslabs.com\/es\/wp-json\/wp\/v2\/product_tag?post=152"}],"curies":[{"name":"wp","href":"https:\/\/api.w.org\/{rel}","templated":true}]}}