{"id":162,"date":"2026-01-06T13:14:48","date_gmt":"2026-01-06T13:14:48","guid":{"rendered":"https:\/\/iarina016.supserv.cozmoslabs.com\/?page_id=162"},"modified":"2026-03-30T10:23:36","modified_gmt":"2026-03-30T10:23:36","slug":"bernese-mountain-dogs","status":"publish","type":"page","link":"https:\/\/iarina016.supserv.cozmoslabs.com\/fr_fr\/bernese-mountain-dogs\/","title":{"rendered":"Bouvier bernois"},"content":{"rendered":"<div data-elementor-type=\"wp-page\" data-elementor-id=\"162\" class=\"elementor elementor-162\" data-elementor-post-type=\"page\">\n\t\t\t\t<div class=\"elementor-element elementor-element-fc2b75e e-flex e-con-boxed e-con e-parent\" data-id=\"fc2b75e\" data-element_type=\"container\" data-e-type=\"container\">\n\t\t\t\t\t<div class=\"e-con-inner\">\n\t\t\t\t<div class=\"elementor-element elementor-element-831b17b elementor-widget elementor-widget-shortcode\" data-id=\"831b17b\" data-element_type=\"widget\" data-e-type=\"widget\" data-widget_type=\"shortcode.default\">\n\t\t\t\t\t\t\t<div class=\"elementor-shortcode\"><div class=\"trp-shortcode-switcher__wrapper\"\r\n     style=\"--bg:#b16fe873;--bg-hover:#ffffff4d;--text:#ffffff;--text-hover:#ffffff;--border:1px solid #ffffff00;--border-width:1px;--border-color:#ffffff00;--border-radius:10px;--flag-radius:2px;--flag-size:18px;--aspect-ratio:4\/3;--font-size:14px;--transition-duration:0.2s\"\r\n     role=\"group\"\r\n     data-open-mode=\"hover\">\r\n\r\n    \r\n        <!-- ANCHOR (in-flow only; sizing\/borders; inert) -->\r\n        <div class=\"trp-language-switcher trp-ls-dropdown trp-shortcode-switcher trp-shortcode-anchor trp-open-on-hover\"\r\n             aria-hidden=\"true\"\r\n             inert\r\n data-no-translation>\r\n                <div class=\"trp-current-language-item__wrapper\">\r\n        <a class=\"trp-language-item trp-language-item__default trp-language-item__current\" data-no-translation href=\"https:\/\/iarina016.supserv.cozmoslabs.com\/fr_fr\/wp-json\/wp\/v2\/pages\/162\" title=\"FR_FR\"><img decoding=\"async\" src=\"https:\/\/iarina016.supserv.cozmoslabs.com\/wp-content\/plugins\/translatepress-multilingual\/assets\/flags\/4x3\/fr_FR.svg\" class=\"trp-flag-image\" alt=\"\" role=\"presentation\" loading=\"lazy\" \/><span class=\"trp-language-item-name\">FR_FR<\/span><\/a>                    <svg class=\"trp-shortcode-arrow\" width=\"20\" height=\"20\" viewbox=\"0 0 20 21\" fill=\"none\" aria-hidden=\"true\" focusable=\"false\" xmlns=\"http:\/\/www.w3.org\/2000\/svg\">\r\n                <path d=\"M5 8L10 13L15 8\" stroke=\"var(--text)\" stroke-width=\"2\" stroke-linecap=\"round\" stroke-linejoin=\"round\"\/>\r\n            <\/svg>\r\n            <\/div>\r\n            <\/div>\r\n\r\n        <!-- OVERLAY (positioned; interactive surface) -->\r\n        <div class=\"trp-language-switcher trp-ls-dropdown trp-shortcode-switcher trp-shortcode-overlay trp-open-on-hover\"\r\n             role=\"navigation\"\r\n             aria-label=\"S\u00e9lecteur de langue du site web\"\r\n             data-no-translation\r\n>\r\n                <div class=\"trp-current-language-item__wrapper\">\r\n        <div class=\"trp-language-item trp-language-item__default trp-language-item__current\" data-no-translation role=\"button\" aria-expanded=\"false\" tabindex=\"0\" aria-label=\"Change language\" aria-controls=\"trp-shortcode-dropdown-69f3cc8cb593e\"><img decoding=\"async\" src=\"https:\/\/iarina016.supserv.cozmoslabs.com\/wp-content\/plugins\/translatepress-multilingual\/assets\/flags\/4x3\/fr_FR.svg\" class=\"trp-flag-image\" alt=\"\" role=\"presentation\" loading=\"lazy\" \/><span class=\"trp-language-item-name\">FR_FR<\/span><\/div>                    <svg class=\"trp-shortcode-arrow\" width=\"20\" height=\"20\" viewbox=\"0 0 20 21\" fill=\"none\" aria-hidden=\"true\" focusable=\"false\" xmlns=\"http:\/\/www.w3.org\/2000\/svg\">\r\n                <path d=\"M5 8L10 13L15 8\" stroke=\"var(--text)\" stroke-width=\"2\" stroke-linecap=\"round\" stroke-linejoin=\"round\"\/>\r\n            <\/svg>\r\n            <\/div>\r\n    \r\n            <div class=\"trp-switcher-dropdown-list\"\r\n                 id=\"trp-shortcode-dropdown-69f3cc8cb593e\"\r\n                 role=\"group\"\r\n                 aria-label=\"Langues disponibles\"\r\n                 hidden\r\n inert\r\n>\r\n                                                            <a class=\"trp-language-item\" href=\"https:\/\/iarina016.supserv.cozmoslabs.com\/fr_fr\/wp-json\/wp\/v2\/pages\/162\" title=\"FR\">\r\n                            <img decoding=\"async\" src=\"https:\/\/iarina016.supserv.cozmoslabs.com\/wp-content\/plugins\/translatepress-multilingual\/assets\/flags\/4x3\/en_US.svg\" class=\"trp-flag-image\" alt=\"\" role=\"presentation\" loading=\"lazy\" \/>                                                            <span class=\"trp-language-item-name\" data-no-translation>EN<\/span>\r\n                                                                                <\/a>\r\n                                            <a class=\"trp-language-item\" href=\"https:\/\/iarina016.supserv.cozmoslabs.com\/fr_fr\/wp-json\/wp\/v2\/pages\/162\" title=\"ES\">\r\n                            <img decoding=\"async\" src=\"https:\/\/iarina016.supserv.cozmoslabs.com\/wp-content\/plugins\/translatepress-multilingual\/assets\/flags\/4x3\/es_ES.svg\" class=\"trp-flag-image\" alt=\"\" role=\"presentation\" loading=\"lazy\" \/>                                                            <span class=\"trp-language-item-name\" data-no-translation>ES<\/span>\r\n                                                                                <\/a>\r\n                                            <a class=\"trp-language-item\" href=\"https:\/\/iarina016.supserv.cozmoslabs.com\/fr_fr\/wp-json\/wp\/v2\/pages\/162\" title=\"AR\">\r\n                            <img decoding=\"async\" src=\"https:\/\/iarina016.supserv.cozmoslabs.com\/wp-content\/plugins\/translatepress-multilingual\/assets\/flags\/4x3\/ar.svg\" class=\"trp-flag-image\" alt=\"\" role=\"presentation\" loading=\"lazy\" \/>                                                            <span class=\"trp-language-item-name\" data-no-translation>AR<\/span>\r\n                                                                                <\/a>\r\n                                            <a class=\"trp-language-item\" href=\"https:\/\/iarina016.supserv.cozmoslabs.com\/fr_fr\/wp-json\/wp\/v2\/pages\/162\" title=\"ZH\">\r\n                            <img decoding=\"async\" src=\"https:\/\/iarina016.supserv.cozmoslabs.com\/wp-content\/plugins\/translatepress-multilingual\/assets\/flags\/4x3\/zh_CN.svg\" class=\"trp-flag-image\" alt=\"\" role=\"presentation\" loading=\"lazy\" \/>                                                            <span class=\"trp-language-item-name\" data-no-translation>ZH<\/span>\r\n                                                                                <\/a>\r\n                                            <a class=\"trp-language-item\" href=\"https:\/\/iarina016.supserv.cozmoslabs.com\/fr_fr\/wp-json\/wp\/v2\/pages\/162\" title=\"JA\">\r\n                            <img decoding=\"async\" src=\"https:\/\/iarina016.supserv.cozmoslabs.com\/wp-content\/plugins\/translatepress-multilingual\/assets\/flags\/4x3\/ja.svg\" class=\"trp-flag-image\" alt=\"\" role=\"presentation\" loading=\"lazy\" \/>                                                            <span class=\"trp-language-item-name\" data-no-translation>JA<\/span>\r\n                                                                                <\/a>\r\n                                            <a class=\"trp-language-item\" href=\"https:\/\/iarina016.supserv.cozmoslabs.com\/fr_fr\/wp-json\/wp\/v2\/pages\/162\" title=\"CA\">\r\n                            <img decoding=\"async\" src=\"https:\/\/iarina016.supserv.cozmoslabs.com\/wp-content\/plugins\/translatepress-multilingual\/assets\/flags\/4x3\/ca.svg\" class=\"trp-flag-image\" alt=\"\" role=\"presentation\" loading=\"lazy\" \/>                                                            <span class=\"trp-language-item-name\" data-no-translation>CA<\/span>\r\n                                                                                <\/a>\r\n                                            <a class=\"trp-language-item\" href=\"https:\/\/iarina016.supserv.cozmoslabs.com\/fr_fr\/wp-json\/wp\/v2\/pages\/162\" title=\"DE\">\r\n                            <img decoding=\"async\" src=\"https:\/\/iarina016.supserv.cozmoslabs.com\/wp-content\/plugins\/translatepress-multilingual\/assets\/flags\/4x3\/de_DE.svg\" class=\"trp-flag-image\" alt=\"\" role=\"presentation\" loading=\"lazy\" \/>                                                            <span class=\"trp-language-item-name\" data-no-translation>DE<\/span>\r\n                                                                                <\/a>\r\n                                            <a class=\"trp-language-item\" href=\"https:\/\/iarina016.supserv.cozmoslabs.com\/fr_fr\/wp-json\/wp\/v2\/pages\/162\" title=\"NL\">\r\n                            <img decoding=\"async\" src=\"https:\/\/iarina016.supserv.cozmoslabs.com\/wp-content\/plugins\/translatepress-multilingual\/assets\/flags\/4x3\/nl_NL.svg\" class=\"trp-flag-image\" alt=\"\" role=\"presentation\" loading=\"lazy\" \/>                                                            <span class=\"trp-language-item-name\" data-no-translation>NL<\/span>\r\n                                                                                <\/a>\r\n                                            <a class=\"trp-language-item\" href=\"https:\/\/iarina016.supserv.cozmoslabs.com\/fr_fr\/wp-json\/wp\/v2\/pages\/162\" title=\"RO\">\r\n                            <img decoding=\"async\" src=\"https:\/\/iarina016.supserv.cozmoslabs.com\/wp-content\/plugins\/translatepress-multilingual\/assets\/flags\/4x3\/ro_RO.svg\" class=\"trp-flag-image\" alt=\"\" role=\"presentation\" loading=\"lazy\" \/>                                                            <span class=\"trp-language-item-name\" data-no-translation>RO<\/span>\r\n                                                                                <\/a>\r\n                                                <\/div>\r\n        <\/div>\r\n\r\n    <\/div>\r\n<style id=\"trp-language-switcher-shortcode-custom-css\">@media screen and (max-width: 767px) {\n.trp-language-switcher, .trp-language-switcher .trp-shortcode-switcher_wrapper, .trp-language-switcher .trp-current-language-item_wrapper, .trp-language-switcher .trp-language-item { background-color: rgb(0, 0, 0) !important; }\n.trp-language-switcher, .trp-language-switcher .trp-current-language-item_wrapper, .trp-language-switcher .trp-language-item, .trp-language-switcher .trp-language-item a { color: rgb(255, 255, 255) !important; }\n.trp-language-switcher .trp-switcher-dropdown-list, .trp-language-switcher .trp-ls-dropdown { background-color: rgb(0, 0, 0) !important; }\n.trp-language-switcher, .trp-language-switcher .trp-current-language-item_wrapper, .trp-language-switcher .trp-language-item { border: none !important; }\n}<\/style><\/div>\n\t\t\t\t\t\t<\/div>\n\t\t\t\t\t<\/div>\n\t\t\t\t<\/div>\n\t\t<div class=\"elementor-element elementor-element-c05d7af e-grid e-con-boxed e-con e-parent\" data-id=\"c05d7af\" data-element_type=\"container\" data-e-type=\"container\">\n\t\t\t\t\t<div class=\"e-con-inner\">\n\t\t\t\t<div class=\"elementor-element elementor-element-6977aa7 elementor-widget elementor-widget-text-editor\" data-id=\"6977aa7\" data-element_type=\"widget\" data-e-type=\"widget\" data-widget_type=\"text-editor.default\">\n\t\t\t\t\t\t\t\t\t<p><strong>Le bouvier bernois,<\/strong> ou \u201cBernois\u201d, est une grande race de travail tricolore originaire des Alpes suisses. Connu pour son apparence frappante - un pelage \u00e9pais, soyeux et mod\u00e9r\u00e9ment long de couleur noire, rouille et blanche - il est aussi beau qu'il a un temp\u00e9rament doux. Historiquement, ces chiens polyvalents \u00e9taient utilis\u00e9s pour <strong>gardent le b\u00e9tail, tirent les charrettes et servent de gardiens de ferme dans la r\u00e9gion de Berne en Suisse<\/strong>, C'est d'ailleurs de l\u00e0 qu'ils tirent leur nom. Leur puissante carrure et leur intelligence en ont fait des compagnons indispensables aux agriculteurs pendant des si\u00e8cles.<\/p>\t\t\t\t\t\t\t\t<\/div>\n\t\t\t\t<div class=\"elementor-element elementor-element-1201925 elementor-widget elementor-widget-text-editor\" data-id=\"1201925\" data-element_type=\"widget\" data-e-type=\"widget\" data-widget_type=\"text-editor.default\">\n\t\t\t\t\t\t\t\t\t<p>Aujourd'hui, le bouvier est pass\u00e9 sans transition des rudes p\u00e2turages des Alpes au c\u0153ur de la maison familiale moderne. Malgr\u00e9 sa taille imposante, il est souvent d\u00e9crit comme un \u201cgentil g\u00e9ant\u201d en raison de sa nature calme et affectueuse et de sa patience particuli\u00e8re avec les enfants. Ils appr\u00e9cient la compagnie humaine et ont tendance \u00e0 tisser des liens profonds et loyaux avec leurs ma\u00eetres, s'appuyant souvent sur leurs jambes pour leur t\u00e9moigner leur affection. Bien qu'ils appr\u00e9cient toujours les promenades \u00e0 l'air frais ou les \u00e9bats dans la neige, leur plus grande joie est de participer \u00e0 la vie quotidienne de leur \u201cmeute\u201d, ce qui fait d'eux l'un des compagnons les plus aim\u00e9s et les plus d\u00e9vou\u00e9s de l'univers canin.<\/p>\t\t\t\t\t\t\t\t<\/div>\n\t\t\t\t\t<\/div>\n\t\t\t\t<\/div>\n\t\t<div class=\"elementor-element elementor-element-8d6d543 e-flex e-con-boxed e-con e-parent\" data-id=\"8d6d543\" data-element_type=\"container\" data-e-type=\"container\">\n\t\t\t\t\t<div class=\"e-con-inner\">\n\t\t\t\t<div class=\"elementor-element elementor-element-9443f3b elementor-widget elementor-widget-text-editor\" data-id=\"9443f3b\" data-element_type=\"widget\" data-e-type=\"widget\" data-widget_type=\"text-editor.default\">\n\t\t\t\t\t\t\t\t\t<p>Comment les candidats \u00e0 l'\u00e9valuation garantissent-ils l'objectivit\u00e9 du jeu PassCode\u2122 ?<\/p><p>Notre jeu automatis\u00e9 PassCode\u2122 rationalise votre processus de recrutement.<\/p><ul><li>gagner du temps en ajoutant le PassCode\u2122 Game et en invitant des milliers de candidats en quelques minutes.<\/li><\/ul><p>Combien co\u00fbte l'\u00e9valuation par le jeu Assess Candidates PassCode\u2122 ?<\/p><p>Notre jeu PassCode\u2122 ne n\u00e9cessite aucune exp\u00e9rience de jeu pr\u00e9alable et comprend des instructions et des objectifs clairs pour les candidats. Le\u00a0<a href=\"https:\/\/fvcsnyl2us-staging.wpdns.site\/product\/passcode-pre-employment-hiring-game-assessment#overview\">le jeu est une t\u00e2che interactive et engageante<\/a>\u00a0con\u00e7us pour r\u00e9duire le stress, l'anxi\u00e9t\u00e9 et l'ennui des candidats au cours du processus de recrutement. La principale difficult\u00e9 pour les candidats r\u00e9side dans le fait que les \u00e9valuations bas\u00e9es sur des jeux peuvent \u00eatre un concept nouveau et inconnu.<\/p><p>Que mesure le jeu Assess Candidates PassCode\u2122 ?<br \/><br \/>Pour les campagnes d\u00e9passant 10 000 candidats, veuillez demander un devis.<\/p>\t\t\t\t\t\t\t\t<\/div>\n\t\t\t\t\t<\/div>\n\t\t\t\t<\/div>\n\t\t<div class=\"elementor-element elementor-element-2726b19 e-grid e-con-boxed e-con e-parent\" data-id=\"2726b19\" data-element_type=\"container\" data-e-type=\"container\">\n\t\t\t\t\t<div class=\"e-con-inner\">\n\t\t\t\t<div class=\"elementor-element elementor-element-647e160 elementor-widget elementor-widget-button\" data-id=\"647e160\" data-element_type=\"widget\" data-e-type=\"widget\" data-widget_type=\"button.default\">\n\t\t\t\t\t\t\t\t\t\t<a class=\"elementor-button elementor-button-link elementor-size-sm\" href=\"https:\/\/paintnprogress.art\/ru\/%d0%be-%d0%bd%d0%b0%d1%81\/\">\n\t\t\t\t\t\t<span class=\"elementor-button-content-wrapper\">\n\t\t\t\t\t\t\t\t\t<span class=\"elementor-button-text\">Cliquez ici2<\/span>\n\t\t\t\t\t<\/span>\n\t\t\t\t\t<\/a>\n\t\t\t\t\t\t\t\t<\/div>\n\t\t\t\t<div class=\"elementor-element elementor-element-6953de2 elementor-widget elementor-widget-button\" data-id=\"6953de2\" data-element_type=\"widget\" data-e-type=\"widget\" data-widget_type=\"button.default\">\n\t\t\t\t\t\t\t\t\t\t<a class=\"elementor-button elementor-button-link elementor-size-sm\" href=\"https:\/\/my.pomtava.com\/moovapps\/navigation\/VDocWEBExplorer\/fileLink?f=m0IyLuwWSXekd%2FxcmjwcTajBNTggYW5tUwo5kttRtHb9%2B3W0L5Re3kBLkOiuU3AX\">\n\t\t\t\t\t\t<span class=\"elementor-button-content-wrapper\">\n\t\t\t\t\t\t\t\t\t<span class=\"elementor-button-text\">Cliquez ici<\/span>\n\t\t\t\t\t<\/span>\n\t\t\t\t\t<\/a>\n\t\t\t\t\t\t\t\t<\/div>\n\t\t\t\t\t<\/div>\n\t\t\t\t<\/div>\n\t\t<div class=\"elementor-element elementor-element-a8dd516 e-flex e-con-boxed e-con e-parent\" data-id=\"a8dd516\" data-element_type=\"container\" data-e-type=\"container\">\n\t\t\t\t\t<div class=\"e-con-inner\">\n\t\t\t\t<div class=\"elementor-element elementor-element-466fea9 elementor-widget elementor-widget-text-editor\" data-id=\"466fea9\" data-element_type=\"widget\" data-e-type=\"widget\" data-widget_type=\"text-editor.default\">\n\t\t\t\t\t\t\t\t\t<h2><strong>Alternatives \u00e0 Buffer<\/strong><\/h2><p>Les utilisateurs peuvent chercher des alternatives \u00e0 Buffer en raison de son mod\u00e8le de tarification qui augmente rapidement au fur et \u00e0 mesure que des comptes sont ajout\u00e9s, ce qui peut s'av\u00e9rer co\u00fbteux pour les entreprises qui g\u00e8rent plusieurs profils de m\u00e9dias sociaux. En outre, certains utilisateurs trouvent que les fonctionnalit\u00e9s de Buffer sont limit\u00e9es, en particulier dans des domaines tels que les analyses compl\u00e8tes et les outils avanc\u00e9s de collaboration en \u00e9quipe, qui sont essentiels pour les grandes \u00e9quipes ou les strat\u00e9gies de m\u00e9dias sociaux plus complexes.<\/p><p>Voici donc quelques-uns des meilleurs\u00a0<a title=\"Buffer alternatives\" href=\"https:\/\/www.socialpilot.co\/buffer-alternatives\" rel=\"dofollow\">Buffer alternatives<\/a>\u00a0compar\u00e9s l'un \u00e0 l'autre.<\/p>\t\t\t\t\t\t\t\t<\/div>\n\t\t\t\t\t<\/div>\n\t\t\t\t<\/div>\n\t\t<div class=\"elementor-element elementor-element-bb839bf e-flex e-con-boxed e-con e-parent\" data-id=\"bb839bf\" data-element_type=\"container\" data-e-type=\"container\">\n\t\t\t\t\t<div class=\"e-con-inner\">\n\t\t\t\t\t<\/div>\n\t\t\t\t<\/div>\n\t\t\t\t<\/div>","protected":false},"excerpt":{"rendered":"<p>The Bernese Mountain Dog, or &#8220;Berner,&#8221; is a large, tri-colored working breed originating from the Swiss Alps. Known for their striking appearance\u2014a thick, silky, and moderately long coat in black, rust, and white\u2014they are as beautiful as they are sweet-tempered. Historically, these versatile dogs were used to herd cattle, pull carts, and serve as farm [&hellip;]<\/p>\n","protected":false},"author":1,"featured_media":0,"parent":0,"menu_order":0,"comment_status":"closed","ping_status":"closed","template":"","meta":{"footnotes":""},"class_list":["post-162","page","type-page","status-publish","hentry"],"_links":{"self":[{"href":"https:\/\/iarina016.supserv.cozmoslabs.com\/fr_fr\/wp-json\/wp\/v2\/pages\/162","targetHints":{"allow":["GET"]}}],"collection":[{"href":"https:\/\/iarina016.supserv.cozmoslabs.com\/fr_fr\/wp-json\/wp\/v2\/pages"}],"about":[{"href":"https:\/\/iarina016.supserv.cozmoslabs.com\/fr_fr\/wp-json\/wp\/v2\/types\/page"}],"author":[{"embeddable":true,"href":"https:\/\/iarina016.supserv.cozmoslabs.com\/fr_fr\/wp-json\/wp\/v2\/users\/1"}],"replies":[{"embeddable":true,"href":"https:\/\/iarina016.supserv.cozmoslabs.com\/fr_fr\/wp-json\/wp\/v2\/comments?post=162"}],"version-history":[{"count":40,"href":"https:\/\/iarina016.supserv.cozmoslabs.com\/fr_fr\/wp-json\/wp\/v2\/pages\/162\/revisions"}],"predecessor-version":[{"id":338,"href":"https:\/\/iarina016.supserv.cozmoslabs.com\/fr_fr\/wp-json\/wp\/v2\/pages\/162\/revisions\/338"}],"wp:attachment":[{"href":"https:\/\/iarina016.supserv.cozmoslabs.com\/fr_fr\/wp-json\/wp\/v2\/media?parent=162"}],"curies":[{"name":"wp","href":"https:\/\/api.w.org\/{rel}","templated":true}]}}