{"id":151,"date":"2025-11-25T13:21:01","date_gmt":"2025-11-25T13:21:01","guid":{"rendered":"https:\/\/iarina016.supserv.cozmoslabs.com\/?post_type=product&#038;p=151"},"modified":"2025-11-25T15:08:23","modified_gmt":"2025-11-25T15:08:23","slug":"robe-violette","status":"publish","type":"product","link":"https:\/\/iarina016.supserv.cozmoslabs.com\/fr_fr\/products\/purple-dress\/","title":{"rendered":"Robe violette"},"content":{"rendered":"<p data-path-to-node=\"1\">\ud83d\udc9c <b>The Amethyst Dream Midi Dress<\/b> \ud83d\udc9c<\/p>\n<p data-path-to-node=\"2\">Cette superbe robe midi pr\u00e9sente un riche tissu profond. <b>violet am\u00e9thyste<\/b> dans un tissu doux et fluide. Son style classique <span class=\"math-inline\" data-math=\"\\text{A-line}\">Ligne A<\/span> silhouette flatte toutes les silhouettes. <span class=\"math-inline\" data-math=\"\\text{V-neckline}\">D\u00e9collet\u00e9 en V<\/span>\u00a0et d\u00e9licate <b>d\u00e9tails des volants<\/b> sur les manches ajoutent une touche d'\u00e9l\u00e9gance romantique. Parfait pour un mariage, un rendez-vous galant ou un \u00e9v\u00e9nement sophistiqu\u00e9.<\/p>","protected":false},"excerpt":{"rendered":"<p>\ud83d\udc9c The Amethyst Dream Midi Dress \ud83d\udc9c Cette superbe robe midi pr\u00e9sente une riche teinte violet am\u00e9thyste profond dans un tissu doux et fluide. Sa silhouette classique en ligne A flatte toutes les silhouettes, tandis que le subtil d\u00e9collet\u00e9 en V et les d\u00e9licats d\u00e9tails de volants sur les manches ajoutent une touche d'\u00e9l\u00e9gance romantique. Parfaite pour un mariage, un rendez-vous galant ou un \u00e9v\u00e9nement sophistiqu\u00e9.<\/p>","protected":false},"featured_media":76,"comment_status":"open","ping_status":"closed","template":"","meta":[],"product_brand":[],"product_cat":[19],"product_tag":[],"class_list":{"0":"post-151","1":"product","2":"type-product","3":"status-publish","4":"has-post-thumbnail","6":"product_cat-uncategorized","8":"first","9":"instock","10":"sale","11":"shipping-taxable","12":"purchasable","13":"product-type-simple"},"_links":{"self":[{"href":"https:\/\/iarina016.supserv.cozmoslabs.com\/fr_fr\/wp-json\/wp\/v2\/product\/151","targetHints":{"allow":["GET"]}}],"collection":[{"href":"https:\/\/iarina016.supserv.cozmoslabs.com\/fr_fr\/wp-json\/wp\/v2\/product"}],"about":[{"href":"https:\/\/iarina016.supserv.cozmoslabs.com\/fr_fr\/wp-json\/wp\/v2\/types\/product"}],"replies":[{"embeddable":true,"href":"https:\/\/iarina016.supserv.cozmoslabs.com\/fr_fr\/wp-json\/wp\/v2\/comments?post=151"}],"wp:featuredmedia":[{"embeddable":true,"href":"https:\/\/iarina016.supserv.cozmoslabs.com\/fr_fr\/wp-json\/wp\/v2\/media\/76"}],"wp:attachment":[{"href":"https:\/\/iarina016.supserv.cozmoslabs.com\/fr_fr\/wp-json\/wp\/v2\/media?parent=151"}],"wp:term":[{"taxonomy":"product_brand","embeddable":true,"href":"https:\/\/iarina016.supserv.cozmoslabs.com\/fr_fr\/wp-json\/wp\/v2\/product_brand?post=151"},{"taxonomy":"product_cat","embeddable":true,"href":"https:\/\/iarina016.supserv.cozmoslabs.com\/fr_fr\/wp-json\/wp\/v2\/product_cat?post=151"},{"taxonomy":"product_tag","embeddable":true,"href":"https:\/\/iarina016.supserv.cozmoslabs.com\/fr_fr\/wp-json\/wp\/v2\/product_tag?post=151"}],"curies":[{"name":"wp","href":"https:\/\/api.w.org\/{rel}","templated":true}]}}