{"id":152,"date":"2025-11-25T13:27:32","date_gmt":"2025-11-25T13:27:32","guid":{"rendered":"https:\/\/iarina016.supserv.cozmoslabs.com\/?post_type=product&#038;p=152"},"modified":"2026-03-04T14:04:06","modified_gmt":"2026-03-04T14:04:06","slug":"collier-bouteille-de-parfum-en-forme-de-coeur","status":"publish","type":"product","link":"https:\/\/iarina016.supserv.cozmoslabs.com\/fr_fr\/products\/heart-perfume-bottle-necklace\/","title":{"rendered":"Collier pour flacon de parfum en forme de coeur"},"content":{"rendered":"<p>Flacon en verre transparent, en forme de c\u0153ur, con\u00e7u pour contenir du parfum ou des huiles essentielles, ferm\u00e9 par un bouchon en laiton d\u00e9taill\u00e9. Le corps du flacon est recouvert d'un m\u00e9tal filigran\u00e9 complexe, \u00e9voquant de d\u00e9licates vignes et de petites fleurs. Au centre de la volute florale, une grappe de fleurs scintillantes se trouve \u00e0 l'int\u00e9rieur du flacon. <span class=\"math-inline\" data-math=\"\\text{Aurora Borealis}\">Aurore bor\u00e9ale<\/span>\u00a0Des strass iris\u00e9s entourent une pierre centrale de couleur vert \u00e9meraude. La pi\u00e8ce est suspendue \u00e0 une cha\u00eene en laiton, ce qui permet de la porter comme un collier ou de la suspendre. Il pr\u00e9sente une esth\u00e9tique vintage et romantique.<\/p>","protected":false},"excerpt":{"rendered":"<p>Something<\/p>","protected":false},"featured_media":153,"comment_status":"open","ping_status":"closed","template":"","meta":[],"product_brand":[],"product_cat":[19],"product_tag":[],"class_list":{"0":"post-152","1":"product","2":"type-product","3":"status-publish","4":"has-post-thumbnail","6":"product_cat-uncategorized","8":"first","9":"instock","10":"sale","11":"shipping-taxable","12":"purchasable","13":"product-type-simple"},"_links":{"self":[{"href":"https:\/\/iarina016.supserv.cozmoslabs.com\/fr_fr\/wp-json\/wp\/v2\/product\/152","targetHints":{"allow":["GET"]}}],"collection":[{"href":"https:\/\/iarina016.supserv.cozmoslabs.com\/fr_fr\/wp-json\/wp\/v2\/product"}],"about":[{"href":"https:\/\/iarina016.supserv.cozmoslabs.com\/fr_fr\/wp-json\/wp\/v2\/types\/product"}],"replies":[{"embeddable":true,"href":"https:\/\/iarina016.supserv.cozmoslabs.com\/fr_fr\/wp-json\/wp\/v2\/comments?post=152"}],"wp:featuredmedia":[{"embeddable":true,"href":"https:\/\/iarina016.supserv.cozmoslabs.com\/fr_fr\/wp-json\/wp\/v2\/media\/153"}],"wp:attachment":[{"href":"https:\/\/iarina016.supserv.cozmoslabs.com\/fr_fr\/wp-json\/wp\/v2\/media?parent=152"}],"wp:term":[{"taxonomy":"product_brand","embeddable":true,"href":"https:\/\/iarina016.supserv.cozmoslabs.com\/fr_fr\/wp-json\/wp\/v2\/product_brand?post=152"},{"taxonomy":"product_cat","embeddable":true,"href":"https:\/\/iarina016.supserv.cozmoslabs.com\/fr_fr\/wp-json\/wp\/v2\/product_cat?post=152"},{"taxonomy":"product_tag","embeddable":true,"href":"https:\/\/iarina016.supserv.cozmoslabs.com\/fr_fr\/wp-json\/wp\/v2\/product_tag?post=152"}],"curies":[{"name":"wp","href":"https:\/\/api.w.org\/{rel}","templated":true}]}}