{"id":162,"date":"2026-01-06T13:14:48","date_gmt":"2026-01-06T13:14:48","guid":{"rendered":"https:\/\/iarina016.supserv.cozmoslabs.com\/?page_id=162"},"modified":"2026-03-30T10:23:36","modified_gmt":"2026-03-30T10:23:36","slug":"bernese-mountain-dogs","status":"publish","type":"page","link":"https:\/\/iarina016.supserv.cozmoslabs.com\/ro\/bernese-mountain-dogs\/","title":{"rendered":"C\u00e2ini din rasa Bernese Mountain"},"content":{"rendered":"<div data-elementor-type=\"wp-page\" data-elementor-id=\"162\" class=\"elementor elementor-162\" data-elementor-post-type=\"page\">\n\t\t\t\t<div class=\"elementor-element elementor-element-fc2b75e e-flex e-con-boxed e-con e-parent\" data-id=\"fc2b75e\" data-element_type=\"container\" data-e-type=\"container\">\n\t\t\t\t\t<div class=\"e-con-inner\">\n\t\t\t\t<div class=\"elementor-element elementor-element-831b17b elementor-widget elementor-widget-shortcode\" data-id=\"831b17b\" data-element_type=\"widget\" data-e-type=\"widget\" data-widget_type=\"shortcode.default\">\n\t\t\t\t\t\t\t<div class=\"elementor-shortcode\"><div class=\"trp-shortcode-switcher__wrapper\"\r\n     style=\"--bg:#b16fe873;--bg-hover:#ffffff4d;--text:#ffffff;--text-hover:#ffffff;--border:1px solid #ffffff00;--border-width:1px;--border-color:#ffffff00;--border-radius:10px;--flag-radius:2px;--flag-size:18px;--aspect-ratio:4\/3;--font-size:14px;--transition-duration:0.2s\"\r\n     role=\"group\"\r\n     data-open-mode=\"hover\">\r\n\r\n    \r\n        <!-- ANCHOR (in-flow only; sizing\/borders; inert) -->\r\n        <div class=\"trp-language-switcher trp-ls-dropdown trp-shortcode-switcher trp-shortcode-anchor trp-open-on-hover\"\r\n             aria-hidden=\"true\"\r\n             inert\r\n data-no-translation>\r\n                <div class=\"trp-current-language-item__wrapper\">\r\n        <a class=\"trp-language-item trp-language-item__default trp-language-item__current\" data-no-translation href=\"https:\/\/iarina016.supserv.cozmoslabs.com\/ro\/wp-json\/wp\/v2\/pages\/162\" title=\"RO\"><img decoding=\"async\" src=\"https:\/\/iarina016.supserv.cozmoslabs.com\/wp-content\/plugins\/translatepress-multilingual\/assets\/flags\/4x3\/ro_RO.svg\" class=\"trp-flag-image\" alt=\"\" role=\"presentation\" loading=\"lazy\" \/><span class=\"trp-language-item-name\">RO<\/span><\/a>                    <svg class=\"trp-shortcode-arrow\" width=\"20\" height=\"20\" viewbox=\"0 0 20 21\" fill=\"none\" aria-hidden=\"true\" focusable=\"false\" xmlns=\"http:\/\/www.w3.org\/2000\/svg\">\r\n                <path d=\"M5 8L10 13L15 8\" stroke=\"var(--text)\" stroke-width=\"2\" stroke-linecap=\"round\" stroke-linejoin=\"round\"\/>\r\n            <\/svg>\r\n            <\/div>\r\n            <\/div>\r\n\r\n        <!-- OVERLAY (positioned; interactive surface) -->\r\n        <div class=\"trp-language-switcher trp-ls-dropdown trp-shortcode-switcher trp-shortcode-overlay trp-open-on-hover\"\r\n             role=\"navigation\"\r\n             aria-label=\"Selector de limb\u0103 pentru site-ul web\"\r\n             data-no-translation\r\n>\r\n                <div class=\"trp-current-language-item__wrapper\">\r\n        <div class=\"trp-language-item trp-language-item__default trp-language-item__current\" data-no-translation role=\"button\" aria-expanded=\"false\" tabindex=\"0\" aria-label=\"Change language\" aria-controls=\"trp-shortcode-dropdown-69edde96d19c6\"><img decoding=\"async\" src=\"https:\/\/iarina016.supserv.cozmoslabs.com\/wp-content\/plugins\/translatepress-multilingual\/assets\/flags\/4x3\/ro_RO.svg\" class=\"trp-flag-image\" alt=\"\" role=\"presentation\" loading=\"lazy\" \/><span class=\"trp-language-item-name\">RO<\/span><\/div>                    <svg class=\"trp-shortcode-arrow\" width=\"20\" height=\"20\" viewbox=\"0 0 20 21\" fill=\"none\" aria-hidden=\"true\" focusable=\"false\" xmlns=\"http:\/\/www.w3.org\/2000\/svg\">\r\n                <path d=\"M5 8L10 13L15 8\" stroke=\"var(--text)\" stroke-width=\"2\" stroke-linecap=\"round\" stroke-linejoin=\"round\"\/>\r\n            <\/svg>\r\n            <\/div>\r\n    \r\n            <div class=\"trp-switcher-dropdown-list\"\r\n                 id=\"trp-shortcode-dropdown-69edde96d19c6\"\r\n                 role=\"group\"\r\n                 aria-label=\"Limbi disponibile\"\r\n                 hidden\r\n inert\r\n>\r\n                                                            <a class=\"trp-language-item\" href=\"https:\/\/iarina016.supserv.cozmoslabs.com\/ro\/wp-json\/wp\/v2\/pages\/162\" title=\"EN\">\r\n                            <img decoding=\"async\" src=\"https:\/\/iarina016.supserv.cozmoslabs.com\/wp-content\/plugins\/translatepress-multilingual\/assets\/flags\/4x3\/en_US.svg\" class=\"trp-flag-image\" alt=\"\" role=\"presentation\" loading=\"lazy\" \/>                                                            <span class=\"trp-language-item-name\" data-no-translation>EN<\/span>\r\n                                                                                <\/a>\r\n                                            <a class=\"trp-language-item\" href=\"https:\/\/iarina016.supserv.cozmoslabs.com\/ro\/wp-json\/wp\/v2\/pages\/162\" title=\"ES\">\r\n                            <img decoding=\"async\" src=\"https:\/\/iarina016.supserv.cozmoslabs.com\/wp-content\/plugins\/translatepress-multilingual\/assets\/flags\/4x3\/es_ES.svg\" class=\"trp-flag-image\" alt=\"\" role=\"presentation\" loading=\"lazy\" \/>                                                            <span class=\"trp-language-item-name\" data-no-translation>ES<\/span>\r\n                                                                                <\/a>\r\n                                            <a class=\"trp-language-item\" href=\"https:\/\/iarina016.supserv.cozmoslabs.com\/ro\/wp-json\/wp\/v2\/pages\/162\" title=\"AR\">\r\n                            <img decoding=\"async\" src=\"https:\/\/iarina016.supserv.cozmoslabs.com\/wp-content\/plugins\/translatepress-multilingual\/assets\/flags\/4x3\/ar.svg\" class=\"trp-flag-image\" alt=\"\" role=\"presentation\" loading=\"lazy\" \/>                                                            <span class=\"trp-language-item-name\" data-no-translation>AR<\/span>\r\n                                                                                <\/a>\r\n                                            <a class=\"trp-language-item\" href=\"https:\/\/iarina016.supserv.cozmoslabs.com\/ro\/wp-json\/wp\/v2\/pages\/162\" title=\"ZH\">\r\n                            <img decoding=\"async\" src=\"https:\/\/iarina016.supserv.cozmoslabs.com\/wp-content\/plugins\/translatepress-multilingual\/assets\/flags\/4x3\/zh_CN.svg\" class=\"trp-flag-image\" alt=\"\" role=\"presentation\" loading=\"lazy\" \/>                                                            <span class=\"trp-language-item-name\" data-no-translation>ZH<\/span>\r\n                                                                                <\/a>\r\n                                            <a class=\"trp-language-item\" href=\"https:\/\/iarina016.supserv.cozmoslabs.com\/ro\/wp-json\/wp\/v2\/pages\/162\" title=\"JA\">\r\n                            <img decoding=\"async\" src=\"https:\/\/iarina016.supserv.cozmoslabs.com\/wp-content\/plugins\/translatepress-multilingual\/assets\/flags\/4x3\/ja.svg\" class=\"trp-flag-image\" alt=\"\" role=\"presentation\" loading=\"lazy\" \/>                                                            <span class=\"trp-language-item-name\" data-no-translation>JA<\/span>\r\n                                                                                <\/a>\r\n                                            <a class=\"trp-language-item\" href=\"https:\/\/iarina016.supserv.cozmoslabs.com\/ro\/wp-json\/wp\/v2\/pages\/162\" title=\"CA\">\r\n                            <img decoding=\"async\" src=\"https:\/\/iarina016.supserv.cozmoslabs.com\/wp-content\/plugins\/translatepress-multilingual\/assets\/flags\/4x3\/ca.svg\" class=\"trp-flag-image\" alt=\"\" role=\"presentation\" loading=\"lazy\" \/>                                                            <span class=\"trp-language-item-name\" data-no-translation>CA<\/span>\r\n                                                                                <\/a>\r\n                                            <a class=\"trp-language-item\" href=\"https:\/\/iarina016.supserv.cozmoslabs.com\/ro\/wp-json\/wp\/v2\/pages\/162\" title=\"DE\">\r\n                            <img decoding=\"async\" src=\"https:\/\/iarina016.supserv.cozmoslabs.com\/wp-content\/plugins\/translatepress-multilingual\/assets\/flags\/4x3\/de_DE.svg\" class=\"trp-flag-image\" alt=\"\" role=\"presentation\" loading=\"lazy\" \/>                                                            <span class=\"trp-language-item-name\" data-no-translation>DE<\/span>\r\n                                                                                <\/a>\r\n                                            <a class=\"trp-language-item\" href=\"https:\/\/iarina016.supserv.cozmoslabs.com\/ro\/wp-json\/wp\/v2\/pages\/162\" title=\"NL\">\r\n                            <img decoding=\"async\" src=\"https:\/\/iarina016.supserv.cozmoslabs.com\/wp-content\/plugins\/translatepress-multilingual\/assets\/flags\/4x3\/nl_NL.svg\" class=\"trp-flag-image\" alt=\"\" role=\"presentation\" loading=\"lazy\" \/>                                                            <span class=\"trp-language-item-name\" data-no-translation>NL<\/span>\r\n                                                                                <\/a>\r\n                                            <a class=\"trp-language-item\" href=\"https:\/\/iarina016.supserv.cozmoslabs.com\/ro\/wp-json\/wp\/v2\/pages\/162\" title=\"FR_FR\">\r\n                            <img decoding=\"async\" src=\"https:\/\/iarina016.supserv.cozmoslabs.com\/wp-content\/plugins\/translatepress-multilingual\/assets\/flags\/4x3\/fr_FR.svg\" class=\"trp-flag-image\" alt=\"\" role=\"presentation\" loading=\"lazy\" \/>                                                            <span class=\"trp-language-item-name\" data-no-translation>FR_FR<\/span>\r\n                                                                                <\/a>\r\n                                                <\/div>\r\n        <\/div>\r\n\r\n    <\/div>\r\n<style id=\"trp-language-switcher-shortcode-custom-css\">@media screen and (max-width: 767px) {\n.trp-language-switcher, .trp-language-switcher .trp-shortcode-switcher_wrapper, .trp-language-switcher .trp-current-language-item_wrapper, .trp-language-switcher .trp-language-item { background-color: rgb(0, 0, 0) !important; }\n.trp-language-switcher, .trp-language-switcher .trp-current-language-item_wrapper, .trp-language-switcher .trp-language-item, .trp-language-switcher .trp-language-item a { color: rgb(255, 255, 255) !important; }\n.trp-language-switcher .trp-switcher-dropdown-list, .trp-language-switcher .trp-ls-dropdown { background-color: rgb(0, 0, 0) !important; }\n.trp-language-switcher, .trp-language-switcher .trp-current-language-item_wrapper, .trp-language-switcher .trp-language-item { border: none !important; }\n}<\/style><\/div>\n\t\t\t\t\t\t<\/div>\n\t\t\t\t\t<\/div>\n\t\t\t\t<\/div>\n\t\t<div class=\"elementor-element elementor-element-c05d7af e-grid e-con-boxed e-con e-parent\" data-id=\"c05d7af\" data-element_type=\"container\" data-e-type=\"container\">\n\t\t\t\t\t<div class=\"e-con-inner\">\n\t\t\t\t<div class=\"elementor-element elementor-element-6977aa7 elementor-widget elementor-widget-text-editor\" data-id=\"6977aa7\" data-element_type=\"widget\" data-e-type=\"widget\" data-widget_type=\"text-editor.default\">\n\t\t\t\t\t\t\t\t\t<p><strong>C\u00e2inele de munte Bernese,<\/strong> sau \u201cBerner\u201d, este o ras\u0103 de lucru mare, tricolor\u0103, originar\u0103 din Alpii elve\u021bieni. Cunoscu\u021bi pentru aspectul lor izbitor - o blan\u0103 groas\u0103, m\u0103t\u0103soas\u0103 \u0219i moderat de lung\u0103 \u00een culorile negru, ruginiu \u0219i alb - sunt pe c\u00e2t de frumo\u0219i, pe at\u00e2t de temperamentali. Din punct de vedere istoric, ace\u0219ti c\u00e2ini versatili au fost folosi\u021bi pentru <strong>pasc vitele, trag c\u0103ru\u021bele \u0219i servesc ca paznici de ferm\u0103 \u00een regiunea Berna din Elve\u021bia<\/strong>, de unde le vine \u0219i numele. Construc\u021bia lor puternic\u0103 \u0219i inteligen\u021ba au f\u0103cut din ei tovar\u0103\u0219i indispensabili pentru fermieri timp de secole.<\/p>\t\t\t\t\t\t\t\t<\/div>\n\t\t\t\t<div class=\"elementor-element elementor-element-1201925 elementor-widget elementor-widget-text-editor\" data-id=\"1201925\" data-element_type=\"widget\" data-e-type=\"widget\" data-widget_type=\"text-editor.default\">\n\t\t\t\t\t\t\t\t\t<p>Ast\u0103zi, \u00eens\u0103, c\u00e2inele Berner a trecut f\u0103r\u0103 probleme de la p\u0103\u0219unile accidentate din Alpi la inima casei familiei moderne. \u00cen ciuda m\u0103rimii lor impun\u0103toare, sunt adesea descri\u0219i drept \u201cgigan\u021bi bl\u00e2nzi\u201d datorit\u0103 naturii lor calme, afectuoase \u0219i r\u0103bd\u0103rii deosebite cu copiii. Ei se dezvolt\u0103 \u00een compania oamenilor \u0219i tind s\u0103 formeze leg\u0103turi profunde \u0219i loiale cu st\u0103p\u00e2nii lor, sprijinindu-se adesea de picioarele acestora pentru a-\u0219i ar\u0103ta afec\u021biunea. De\u0219i le place s\u0103 se plimbe \u00een aer rece sau s\u0103 se joace pe z\u0103pad\u0103, cea mai mare bucurie a lor este s\u0103 fie pur \u0219i simplu inclu\u0219i \u00een via\u021ba de zi cu zi a \u201chaitei\u201d lor, ceea ce \u00eei face unul dintre cei mai iubi\u021bi \u0219i devota\u021bi companioni din lumea canin\u0103.<\/p>\t\t\t\t\t\t\t\t<\/div>\n\t\t\t\t\t<\/div>\n\t\t\t\t<\/div>\n\t\t<div class=\"elementor-element elementor-element-8d6d543 e-flex e-con-boxed e-con e-parent\" data-id=\"8d6d543\" data-element_type=\"container\" data-e-type=\"container\">\n\t\t\t\t\t<div class=\"e-con-inner\">\n\t\t\t\t<div class=\"elementor-element elementor-element-9443f3b elementor-widget elementor-widget-text-editor\" data-id=\"9443f3b\" data-element_type=\"widget\" data-e-type=\"widget\" data-widget_type=\"text-editor.default\">\n\t\t\t\t\t\t\t\t\t<p>Cum evalueaz\u0103 candida\u021bii obiectivitatea jocului PassCode\u2122?<\/p><p>Jocul nostru automat PassCode\u2122 v\u0103 simplific\u0103 procesul de recrutare<\/p><ul><li>economisi\u021bi timp prin ad\u0103ugarea jocului PassCode\u2122 \u0219i invita\u021bi mii de candida\u021bi \u00een c\u00e2teva minute.<\/li><\/ul><p>C\u00e2t cost\u0103 Assess Candidates PassCode\u2122 Game-based Assessment?<\/p><p>Jocul nostru PassCode\u2122 nu necesit\u0103 nicio experien\u021b\u0103 anterioar\u0103 de joc \u0219i include instruc\u021biuni \u0219i obiective clare pentru candida\u021bi. Jocul\u00a0<a href=\"https:\/\/fvcsnyl2us-staging.wpdns.site\/product\/passcode-pre-employment-hiring-game-assessment#overview\">jocul este o sarcin\u0103 interactiv\u0103 \u0219i captivant\u0103<\/a>\u00a0concepute pentru a reduce stresul, anxietatea \u0219i plictiseala candida\u021bilor \u00een timpul procesului de recrutare. Principala dificultate pentru candida\u021bi este c\u0103 evalu\u0103rile bazate pe jocuri pot fi un concept nou \u0219i necunoscut.<\/p><p>Ce m\u0103soar\u0103 jocul Assess Candidates PassCode\u2122?<br \/><br \/>Pentru campanii care dep\u0103\u0219esc 10.000 de candida\u021bi, v\u0103 rug\u0103m s\u0103 solicita\u021bi o ofert\u0103.<\/p>\t\t\t\t\t\t\t\t<\/div>\n\t\t\t\t\t<\/div>\n\t\t\t\t<\/div>\n\t\t<div class=\"elementor-element elementor-element-2726b19 e-grid e-con-boxed e-con e-parent\" data-id=\"2726b19\" data-element_type=\"container\" data-e-type=\"container\">\n\t\t\t\t\t<div class=\"e-con-inner\">\n\t\t\t\t<div class=\"elementor-element elementor-element-647e160 elementor-widget elementor-widget-button\" data-id=\"647e160\" data-element_type=\"widget\" data-e-type=\"widget\" data-widget_type=\"button.default\">\n\t\t\t\t\t\t\t\t\t\t<a class=\"elementor-button elementor-button-link elementor-size-sm\" href=\"https:\/\/paintnprogress.art\/ru\/%d0%be-%d0%bd%d0%b0%d1%81\/\">\n\t\t\t\t\t\t<span class=\"elementor-button-content-wrapper\">\n\t\t\t\t\t\t\t\t\t<span class=\"elementor-button-text\">Face\u021bi clic aici2<\/span>\n\t\t\t\t\t<\/span>\n\t\t\t\t\t<\/a>\n\t\t\t\t\t\t\t\t<\/div>\n\t\t\t\t<div class=\"elementor-element elementor-element-6953de2 elementor-widget elementor-widget-button\" data-id=\"6953de2\" data-element_type=\"widget\" data-e-type=\"widget\" data-widget_type=\"button.default\">\n\t\t\t\t\t\t\t\t\t\t<a class=\"elementor-button elementor-button-link elementor-size-sm\" href=\"https:\/\/my.pomtava.com\/moovapps\/navigation\/VDocWEBExplorer\/fileLink?f=m0IyLuwWSXekd%2FxcmjwcTajBNTggYW5tUwo5kttRtHb9%2B3W0L5Re3kBLkOiuU3AX\">\n\t\t\t\t\t\t<span class=\"elementor-button-content-wrapper\">\n\t\t\t\t\t\t\t\t\t<span class=\"elementor-button-text\">Face\u021bi clic aici<\/span>\n\t\t\t\t\t<\/span>\n\t\t\t\t\t<\/a>\n\t\t\t\t\t\t\t\t<\/div>\n\t\t\t\t\t<\/div>\n\t\t\t\t<\/div>\n\t\t<div class=\"elementor-element elementor-element-a8dd516 e-flex e-con-boxed e-con e-parent\" data-id=\"a8dd516\" data-element_type=\"container\" data-e-type=\"container\">\n\t\t\t\t\t<div class=\"e-con-inner\">\n\t\t\t\t<div class=\"elementor-element elementor-element-466fea9 elementor-widget elementor-widget-text-editor\" data-id=\"466fea9\" data-element_type=\"widget\" data-e-type=\"widget\" data-widget_type=\"text-editor.default\">\n\t\t\t\t\t\t\t\t\t<h2><strong>Alternative la Buffer<\/strong><\/h2><p>Este posibil ca utilizatorii s\u0103 caute alternative la Buffer din cauza modelului s\u0103u de tarifare, care cre\u0219te rapid pe m\u0103sur\u0103 ce se adaug\u0103 mai multe conturi, put\u00e2nd deveni costisitor pentru \u00eentreprinderile care gestioneaz\u0103 mai multe profiluri de social media. \u00cen plus, unii utilizatori consider\u0103 c\u0103 func\u021biile Buffer sunt limitate, \u00een special \u00een domenii precum analiza cuprinz\u0103toare \u0219i instrumentele avansate de colaborare \u00een echip\u0103, care sunt esen\u021biale pentru echipele mai mari sau pentru strategiile social media mai complexe.<\/p><p>A\u0219adar, iat\u0103 c\u00e2teva dintre cele mai bune\u00a0<a title=\"Buffer alternative\" href=\"https:\/\/www.socialpilot.co\/buffer-alternatives\" rel=\"dofollow\">Buffer alternative<\/a>\u00a0comparate unul l\u00e2ng\u0103 altul.<\/p>\t\t\t\t\t\t\t\t<\/div>\n\t\t\t\t\t<\/div>\n\t\t\t\t<\/div>\n\t\t<div class=\"elementor-element elementor-element-bb839bf e-flex e-con-boxed e-con e-parent\" data-id=\"bb839bf\" data-element_type=\"container\" data-e-type=\"container\">\n\t\t\t\t\t<div class=\"e-con-inner\">\n\t\t\t\t\t<\/div>\n\t\t\t\t<\/div>\n\t\t\t\t<\/div>","protected":false},"excerpt":{"rendered":"<p>The Bernese Mountain Dog, or &#8220;Berner,&#8221; is a large, tri-colored working breed originating from the Swiss Alps. Known for their striking appearance\u2014a thick, silky, and moderately long coat in black, rust, and white\u2014they are as beautiful as they are sweet-tempered. Historically, these versatile dogs were used to herd cattle, pull carts, and serve as farm [&hellip;]<\/p>\n","protected":false},"author":1,"featured_media":0,"parent":0,"menu_order":0,"comment_status":"closed","ping_status":"closed","template":"","meta":{"footnotes":""},"class_list":["post-162","page","type-page","status-publish","hentry"],"_links":{"self":[{"href":"https:\/\/iarina016.supserv.cozmoslabs.com\/ro\/wp-json\/wp\/v2\/pages\/162","targetHints":{"allow":["GET"]}}],"collection":[{"href":"https:\/\/iarina016.supserv.cozmoslabs.com\/ro\/wp-json\/wp\/v2\/pages"}],"about":[{"href":"https:\/\/iarina016.supserv.cozmoslabs.com\/ro\/wp-json\/wp\/v2\/types\/page"}],"author":[{"embeddable":true,"href":"https:\/\/iarina016.supserv.cozmoslabs.com\/ro\/wp-json\/wp\/v2\/users\/1"}],"replies":[{"embeddable":true,"href":"https:\/\/iarina016.supserv.cozmoslabs.com\/ro\/wp-json\/wp\/v2\/comments?post=162"}],"version-history":[{"count":40,"href":"https:\/\/iarina016.supserv.cozmoslabs.com\/ro\/wp-json\/wp\/v2\/pages\/162\/revisions"}],"predecessor-version":[{"id":338,"href":"https:\/\/iarina016.supserv.cozmoslabs.com\/ro\/wp-json\/wp\/v2\/pages\/162\/revisions\/338"}],"wp:attachment":[{"href":"https:\/\/iarina016.supserv.cozmoslabs.com\/ro\/wp-json\/wp\/v2\/media?parent=162"}],"curies":[{"name":"wp","href":"https:\/\/api.w.org\/{rel}","templated":true}]}}